{"id":3119,"date":"2023-12-29T14:03:10","date_gmt":"2023-12-29T20:03:10","guid":{"rendered":"https:\/\/libreriahistoriasdebolsillo.com\/?post_type=product&#038;p=3119"},"modified":"2024-03-12T13:26:57","modified_gmt":"2024-03-12T19:26:57","slug":"donde-estas-mundo-bello","status":"publish","type":"product","link":"https:\/\/libreriahistoriasdebolsillo.com\/index.php\/producto\/donde-estas-mundo-bello\/","title":{"rendered":"D\u00f3nde est\u00e1s, mundo bello"},"content":{"rendered":"<p>Dos amigas se acercan a la treintena en ciudades distintas y tras mucho tiempo sin verse. Alice, novelista, conoce a Felix, que trabaja en un almac\u00e9n, y le pide que la acompa\u00f1e a Roma para promocionar su \u00faltimo libro. Su amiga, Eileen, est\u00e1 superando una ruptura y empieza a flirtear con Simon, un chico al que conoce desde que eran ni\u00f1os. El\u00a0<b>verano<\/b>\u00a0se acerca, y las dos chicas se siguen enviando correos electr\u00f3nicos en los que se ponen al d\u00eda. Hablan de su amistad, de sus relaciones, de arte, de literatura y de un futuro cada vez m\u00e1s incierto. Dicen quieren verse pronto, pero \u00bfqu\u00e9 pasar\u00e1 cuando lo hagan?<\/p>\n<p>Alice, Felix, Eileen y Simon todav\u00eda son j\u00f3venes, pero pronto dejar\u00e1n de serlo. Se juntan y se separan, se desean y se mienten. Sufren por\u00a0<b>amor<\/b>, por\u00a0<b>sexo<\/b>, por sus\u00a0<b>amistades<\/b>\u00a0y por el\u00a0<b>mundo<\/b>\u00a0en el que viven. \u00bfEst\u00e1n en la \u00faltima sala iluminada antes de la oscuridad? \u00bfEncontrar\u00e1n una manera de creer en un mundo bello?<\/p>\n<p>Rooney despliega de nuevo su capacidad para\u00a0<b>analizar el comportamiento humano<\/b>\u00a0y vuelve a demostrar por qu\u00e9 es una de las autoras m\u00e1s importantes del momento en una novela que busca la belleza en los claroscuros de la amistad y en el porvenir incierto de nuestro planeta.<\/p>\n","protected":false},"excerpt":{"rendered":"<p>Sally Rooney<\/p>\n","protected":false},"featured_media":3120,"template":"","meta":{"_joinchat":[]},"product_brand":[],"product_cat":[33],"product_tag":[34],"class_list":{"0":"post-3119","1":"product","2":"type-product","3":"status-publish","4":"has-post-thumbnail","6":"product_cat-ficcion-general","7":"product_tag-penguin-random-house","9":"first","10":"outofstock","11":"shipping-taxable","12":"purchasable","13":"product-type-simple"},"_links":{"self":[{"href":"https:\/\/libreriahistoriasdebolsillo.com\/index.php\/wp-json\/wp\/v2\/product\/3119","targetHints":{"allow":["GET"]}}],"collection":[{"href":"https:\/\/libreriahistoriasdebolsillo.com\/index.php\/wp-json\/wp\/v2\/product"}],"about":[{"href":"https:\/\/libreriahistoriasdebolsillo.com\/index.php\/wp-json\/wp\/v2\/types\/product"}],"wp:featuredmedia":[{"embeddable":true,"href":"https:\/\/libreriahistoriasdebolsillo.com\/index.php\/wp-json\/wp\/v2\/media\/3120"}],"wp:attachment":[{"href":"https:\/\/libreriahistoriasdebolsillo.com\/index.php\/wp-json\/wp\/v2\/media?parent=3119"}],"wp:term":[{"taxonomy":"product_brand","embeddable":true,"href":"https:\/\/libreriahistoriasdebolsillo.com\/index.php\/wp-json\/wp\/v2\/product_brand?post=3119"},{"taxonomy":"product_cat","embeddable":true,"href":"https:\/\/libreriahistoriasdebolsillo.com\/index.php\/wp-json\/wp\/v2\/product_cat?post=3119"},{"taxonomy":"product_tag","embeddable":true,"href":"https:\/\/libreriahistoriasdebolsillo.com\/index.php\/wp-json\/wp\/v2\/product_tag?post=3119"}],"curies":[{"name":"wp","href":"https:\/\/api.w.org\/{rel}","templated":true}]}}