{"id":3121,"date":"2023-12-29T14:06:36","date_gmt":"2023-12-29T20:06:36","guid":{"rendered":"https:\/\/libreriahistoriasdebolsillo.com\/?post_type=product&#038;p=3121"},"modified":"2023-12-30T15:53:24","modified_gmt":"2023-12-30T21:53:24","slug":"anne-sin-filtros","status":"publish","type":"product","link":"https:\/\/libreriahistoriasdebolsillo.com\/index.php\/producto\/anne-sin-filtros\/","title":{"rendered":"Anne sin filtros"},"content":{"rendered":"<p>Anne Shirley siempre ha querido ser escritora y, aunque nadie lo sepa, lo es: online la conocen como\u00a0<b>Lady Cordelia<\/b>\u00a0y sus historias sobre\u00a0<b>El caballero del espejo<\/b>, una de las series m\u00e1s famosas de los \u00faltimos tiempos, son de las m\u00e1s le\u00eddas de la red. S\u00f3lo Diana, su mejor amiga, artista y colaboradora, conoce el secreto de su doble identidad.<\/p>\n<p>Anne est\u00e1 acostumbrada a esa vida hasta que aparece Blythe, un nuevo autorque de la noche a la ma\u00f1ana supera su r\u00e9cord de lecturas y que, para colmo, no tiene ning\u00fan reparo en mostrar su identidad.<\/p>\n<p>Gilbert Blythe es tan encantador como irritante y Anne tiene que defender su puesto como sea, aunque quiz\u00e1 ser\u00eda m\u00e1s f\u00e1cil concentrarse en escribir si \u00e9l no la distrajera tanto o si sus\u00a0<b>sentimientos<\/b>\u00a0por Diana no se estuvieran volviendo tan\u00a0<b>confusos<\/b>.<\/p>\n","protected":false},"excerpt":{"rendered":"<p>Iria G. Parente y Selene M. Pascual<\/p>\n","protected":false},"featured_media":3122,"template":"","meta":{"_joinchat":[]},"product_brand":[],"product_cat":[52,38],"product_tag":[34],"class_list":{"0":"post-3121","1":"product","2":"type-product","3":"status-publish","4":"has-post-thumbnail","6":"product_cat-juvenil","7":"product_cat-lgbtq","8":"product_tag-penguin-random-house","10":"first","11":"outofstock","12":"shipping-taxable","13":"purchasable","14":"product-type-simple"},"_links":{"self":[{"href":"https:\/\/libreriahistoriasdebolsillo.com\/index.php\/wp-json\/wp\/v2\/product\/3121","targetHints":{"allow":["GET"]}}],"collection":[{"href":"https:\/\/libreriahistoriasdebolsillo.com\/index.php\/wp-json\/wp\/v2\/product"}],"about":[{"href":"https:\/\/libreriahistoriasdebolsillo.com\/index.php\/wp-json\/wp\/v2\/types\/product"}],"wp:featuredmedia":[{"embeddable":true,"href":"https:\/\/libreriahistoriasdebolsillo.com\/index.php\/wp-json\/wp\/v2\/media\/3122"}],"wp:attachment":[{"href":"https:\/\/libreriahistoriasdebolsillo.com\/index.php\/wp-json\/wp\/v2\/media?parent=3121"}],"wp:term":[{"taxonomy":"product_brand","embeddable":true,"href":"https:\/\/libreriahistoriasdebolsillo.com\/index.php\/wp-json\/wp\/v2\/product_brand?post=3121"},{"taxonomy":"product_cat","embeddable":true,"href":"https:\/\/libreriahistoriasdebolsillo.com\/index.php\/wp-json\/wp\/v2\/product_cat?post=3121"},{"taxonomy":"product_tag","embeddable":true,"href":"https:\/\/libreriahistoriasdebolsillo.com\/index.php\/wp-json\/wp\/v2\/product_tag?post=3121"}],"curies":[{"name":"wp","href":"https:\/\/api.w.org\/{rel}","templated":true}]}}