{"id":3123,"date":"2023-12-29T14:08:58","date_gmt":"2023-12-29T20:08:58","guid":{"rendered":"https:\/\/libreriahistoriasdebolsillo.com\/?post_type=product&#038;p=3123"},"modified":"2024-03-12T13:27:16","modified_gmt":"2024-03-12T19:27:16","slug":"la-historia-del-loco","status":"publish","type":"product","link":"https:\/\/libreriahistoriasdebolsillo.com\/index.php\/producto\/la-historia-del-loco\/","title":{"rendered":"La historia del loco"},"content":{"rendered":"<p>Francis Petrel ten\u00eda poco m\u00e1s de veinte a\u00f1os cuando su familia lo recluy\u00f3 en el psiqui\u00e1trico tras una conducta imprevisible que culmin\u00f3 en una crisis. Pero un reencuentro en los terrenos de la\u00a0<b>clausurada instituci\u00f3n<\/b>\u00a0remueve algo profundo en la mente agitada de Francis: unos recuerdos sombr\u00edos, que \u00e9l cre\u00eda haber enterrado, sobre los truculentos hechos que condujeron al cierre del\u00a0<b>Western State Hospital<\/b>, y el asesinato sin resolver de una joven enfermera, cuyo cad\u00e1ver mutilado fue encontrado una noche despu\u00e9s de que se apagaran las luces.<\/p>\n<p>La polic\u00eda sospech\u00f3 de un paciente, pero solo ahora, con la reaparici\u00f3n del asesino, se conocer\u00e1 la respuesta.<\/p>\n<p>John Katzenbach demuestra su destreza para provocar la tensi\u00f3n en el lector, tal y como hiciera en\u00a0<b>El psicoanalista<\/b>.<\/p>\n","protected":false},"excerpt":{"rendered":"<p>John Katzenbach<\/p>\n","protected":false},"featured_media":3124,"template":"","meta":{"_joinchat":[]},"product_brand":[],"product_cat":[33,37],"product_tag":[34],"class_list":{"0":"post-3123","1":"product","2":"type-product","3":"status-publish","4":"has-post-thumbnail","6":"product_cat-ficcion-general","7":"product_cat-misterio-y-thriller","8":"product_tag-penguin-random-house","10":"first","11":"outofstock","12":"shipping-taxable","13":"purchasable","14":"product-type-simple"},"_links":{"self":[{"href":"https:\/\/libreriahistoriasdebolsillo.com\/index.php\/wp-json\/wp\/v2\/product\/3123","targetHints":{"allow":["GET"]}}],"collection":[{"href":"https:\/\/libreriahistoriasdebolsillo.com\/index.php\/wp-json\/wp\/v2\/product"}],"about":[{"href":"https:\/\/libreriahistoriasdebolsillo.com\/index.php\/wp-json\/wp\/v2\/types\/product"}],"wp:featuredmedia":[{"embeddable":true,"href":"https:\/\/libreriahistoriasdebolsillo.com\/index.php\/wp-json\/wp\/v2\/media\/3124"}],"wp:attachment":[{"href":"https:\/\/libreriahistoriasdebolsillo.com\/index.php\/wp-json\/wp\/v2\/media?parent=3123"}],"wp:term":[{"taxonomy":"product_brand","embeddable":true,"href":"https:\/\/libreriahistoriasdebolsillo.com\/index.php\/wp-json\/wp\/v2\/product_brand?post=3123"},{"taxonomy":"product_cat","embeddable":true,"href":"https:\/\/libreriahistoriasdebolsillo.com\/index.php\/wp-json\/wp\/v2\/product_cat?post=3123"},{"taxonomy":"product_tag","embeddable":true,"href":"https:\/\/libreriahistoriasdebolsillo.com\/index.php\/wp-json\/wp\/v2\/product_tag?post=3123"}],"curies":[{"name":"wp","href":"https:\/\/api.w.org\/{rel}","templated":true}]}}