{"id":3127,"date":"2024-01-03T19:02:41","date_gmt":"2024-01-04T01:02:41","guid":{"rendered":"https:\/\/libreriahistoriasdebolsillo.com\/?post_type=product&#038;p=3127"},"modified":"2025-03-27T16:37:47","modified_gmt":"2025-03-27T22:37:47","slug":"todo-lo-que-no-me-deja-olvidarte","status":"publish","type":"product","link":"https:\/\/libreriahistoriasdebolsillo.com\/index.php\/producto\/todo-lo-que-no-me-deja-olvidarte\/","title":{"rendered":"Todo lo que no me deja olvidarte"},"content":{"rendered":"<p>Para \u00c9dgar, las cicatrices del pasado siguen latiendo con fuerza. A pesar de los a\u00f1os y de que ahora vive en la Ciudad de M\u00e9xico, el recuerdo de su exnovio Jorge se mantiene presente, por lo que lucha constantemente por eludir la tragedia de su muerte y el sentimiento de abandono que lo atormenta.<\/p>\n<p>Cuando su abuela enferma y se ve obligado a regresar a Monterrey, su antiguo hogar, \u00c9dgar se reencuentra con sus mejores amigos Santiago y Samanta, quienes, adem\u00e1s de brindarle su apoyo incondicional, organizan reuniones y salidas para ayudarlo a superar su tristeza. En una de esas fiestas improvisadas, \u00c9dgar se encuentra con un singular chico llamado Pablo. \u00bfSer\u00e1 \u00e9l quien al fin lo ayude a sanar su coraz\u00f3n roto?<\/p>\n","protected":false},"excerpt":{"rendered":"<p>Alberto Villarreal<\/p>\n","protected":false},"featured_media":3136,"template":"","meta":{"_joinchat":[]},"product_brand":[],"product_cat":[52,38,35],"product_tag":[45],"class_list":{"0":"post-3127","1":"product","2":"type-product","3":"status-publish","4":"has-post-thumbnail","6":"product_cat-juvenil","7":"product_cat-lgbtq","8":"product_cat-romantica","9":"product_tag-planeta","11":"first","12":"outofstock","13":"shipping-taxable","14":"purchasable","15":"product-type-simple"},"_links":{"self":[{"href":"https:\/\/libreriahistoriasdebolsillo.com\/index.php\/wp-json\/wp\/v2\/product\/3127","targetHints":{"allow":["GET"]}}],"collection":[{"href":"https:\/\/libreriahistoriasdebolsillo.com\/index.php\/wp-json\/wp\/v2\/product"}],"about":[{"href":"https:\/\/libreriahistoriasdebolsillo.com\/index.php\/wp-json\/wp\/v2\/types\/product"}],"wp:featuredmedia":[{"embeddable":true,"href":"https:\/\/libreriahistoriasdebolsillo.com\/index.php\/wp-json\/wp\/v2\/media\/3136"}],"wp:attachment":[{"href":"https:\/\/libreriahistoriasdebolsillo.com\/index.php\/wp-json\/wp\/v2\/media?parent=3127"}],"wp:term":[{"taxonomy":"product_brand","embeddable":true,"href":"https:\/\/libreriahistoriasdebolsillo.com\/index.php\/wp-json\/wp\/v2\/product_brand?post=3127"},{"taxonomy":"product_cat","embeddable":true,"href":"https:\/\/libreriahistoriasdebolsillo.com\/index.php\/wp-json\/wp\/v2\/product_cat?post=3127"},{"taxonomy":"product_tag","embeddable":true,"href":"https:\/\/libreriahistoriasdebolsillo.com\/index.php\/wp-json\/wp\/v2\/product_tag?post=3127"}],"curies":[{"name":"wp","href":"https:\/\/api.w.org\/{rel}","templated":true}]}}