{"id":3133,"date":"2024-01-03T18:59:06","date_gmt":"2024-01-04T00:59:06","guid":{"rendered":"https:\/\/libreriahistoriasdebolsillo.com\/?post_type=product&#038;p=3133"},"modified":"2025-06-23T15:30:16","modified_gmt":"2025-06-23T21:30:16","slug":"la-casa-en-el-mar-mas-azul","status":"publish","type":"product","link":"https:\/\/libreriahistoriasdebolsillo.com\/index.php\/producto\/la-casa-en-el-mar-mas-azul\/","title":{"rendered":"La casa en el mar m\u00e1s azul"},"content":{"rendered":"<p>Trabajo, trabajo y m\u00e1s trabajo. Linus Baker podr\u00eda ser una persona cualquiera, en un lugar cualquiera, viviendo una vida cualquiera. \u00c9l estaba convencido de esto y, si t\u00fa lo hubieras conocido, tampoco habr\u00edas dudado en asegurar que pertenec\u00eda al mont\u00f3n, ni m\u00e1s, ni menos. Y as\u00ed era, hasta el d\u00eda en que la Alt\u00edsima Direcci\u00f3n llama a este funcionario del Departamento Encargado de los J\u00f3venes M\u00e1gicos para supervisar un orfanato del que apenas hay registros.<\/p>\n<p>Con esta nueva tarea entre manos, Linus viajar\u00e1 a la isla de Marsyas, donde deber\u00e1 supervisar a seis hu\u00e9rfanos catalogados como peligrosos (hablamos del futuro Anticristo, entre otros) y a su enigm\u00e1tico tutor. Ah\u00ed, deber\u00e1 dejar de lado sus miedos y prejuicios, que no son pocos, para darse cuenta de que lo que realmente tiene que hacer no es aquello a lo que fue enviado. Porque en Marsyas, Linus descubrir\u00e1 que el camino a la felicidad es distinto para cada uno de nosotros, y que si te atreves a recorrerlo, llegar\u00e1s al lugar donde te encontrar\u00e1s a ti mismo.<\/p>\n<p>Un libro que llenar\u00e1 tu coraz\u00f3n.<\/p>\n","protected":false},"excerpt":{"rendered":"<p>T.J. Klune<\/p>\n","protected":false},"featured_media":3134,"template":"","meta":{"_joinchat":[]},"product_brand":[],"product_cat":[39,52,38],"product_tag":[45],"class_list":{"0":"post-3133","1":"product","2":"type-product","3":"status-publish","4":"has-post-thumbnail","6":"product_cat-fantasia","7":"product_cat-juvenil","8":"product_cat-lgbtq","9":"product_tag-planeta","11":"first","12":"outofstock","13":"shipping-taxable","14":"purchasable","15":"product-type-simple"},"_links":{"self":[{"href":"https:\/\/libreriahistoriasdebolsillo.com\/index.php\/wp-json\/wp\/v2\/product\/3133","targetHints":{"allow":["GET"]}}],"collection":[{"href":"https:\/\/libreriahistoriasdebolsillo.com\/index.php\/wp-json\/wp\/v2\/product"}],"about":[{"href":"https:\/\/libreriahistoriasdebolsillo.com\/index.php\/wp-json\/wp\/v2\/types\/product"}],"wp:featuredmedia":[{"embeddable":true,"href":"https:\/\/libreriahistoriasdebolsillo.com\/index.php\/wp-json\/wp\/v2\/media\/3134"}],"wp:attachment":[{"href":"https:\/\/libreriahistoriasdebolsillo.com\/index.php\/wp-json\/wp\/v2\/media?parent=3133"}],"wp:term":[{"taxonomy":"product_brand","embeddable":true,"href":"https:\/\/libreriahistoriasdebolsillo.com\/index.php\/wp-json\/wp\/v2\/product_brand?post=3133"},{"taxonomy":"product_cat","embeddable":true,"href":"https:\/\/libreriahistoriasdebolsillo.com\/index.php\/wp-json\/wp\/v2\/product_cat?post=3133"},{"taxonomy":"product_tag","embeddable":true,"href":"https:\/\/libreriahistoriasdebolsillo.com\/index.php\/wp-json\/wp\/v2\/product_tag?post=3133"}],"curies":[{"name":"wp","href":"https:\/\/api.w.org\/{rel}","templated":true}]}}