{"id":3137,"date":"2024-01-03T19:07:16","date_gmt":"2024-01-04T01:07:16","guid":{"rendered":"https:\/\/libreriahistoriasdebolsillo.com\/?post_type=product&#038;p=3137"},"modified":"2025-03-27T16:38:09","modified_gmt":"2025-03-27T22:38:09","slug":"volver-a-empezar","status":"publish","type":"product","link":"https:\/\/libreriahistoriasdebolsillo.com\/index.php\/producto\/volver-a-empezar\/","title":{"rendered":"Volver a empezar"},"content":{"rendered":"<p><strong>La esperada continuaci\u00f3n de<em>\u00a0Romper el c\u00edrculo.\u00a0<\/em><\/strong><\/p>\n<p><strong>Todo final tiene un principio. Y todo empez\u00f3 con Atlas.\u00a0<\/strong><\/p>\n<p>Lily y su exmarido, Ryle, acaban de pactar la custodia compartida de su hija cuando Lily se encuentra de nuevo con su primer amor, Atlas. Despu\u00e9s de casi dos a\u00f1os sin verse, est\u00e1 entusiasmada porque, por una vez, el tiempo est\u00e1 de su lado, e inmediatamente dice que s\u00ed cuando Atlas le pide una cita.<br \/>\nPero su alegr\u00eda se desvanece cuando piensa que, aunque ya no est\u00e9n casados, Ryle sigue teniendo un papel en la familia, y no consentir\u00e1 que Atlas Corrigan est\u00e9 presente en su vida y en la de su hija.<br \/>\nMaravillosa, desgarradora e inolvidable,\u00a0<em>Volver a empezar<\/em>\u00a0alterna las perspectivas de Lily y Atlas, y contin\u00faa justo donde nos dej\u00f3\u00a0<em>Romper el c\u00edrculo<\/em>. Descubriremos m\u00e1s sobre el pasado de Atlas y seguiremos a Lily en busca de una segunda oportunidad de encontrar el amor verdadero mientras tiene que lidiar con un exmarido celoso.<\/p>\n","protected":false},"excerpt":{"rendered":"<p>Colleen Hoover<\/p>\n","protected":false},"featured_media":3138,"template":"","meta":{"_joinchat":[]},"product_brand":[],"product_cat":[35],"product_tag":[45],"class_list":{"0":"post-3137","1":"product","2":"type-product","3":"status-publish","4":"has-post-thumbnail","6":"product_cat-romantica","7":"product_tag-planeta","9":"first","10":"outofstock","11":"shipping-taxable","12":"purchasable","13":"product-type-simple"},"_links":{"self":[{"href":"https:\/\/libreriahistoriasdebolsillo.com\/index.php\/wp-json\/wp\/v2\/product\/3137","targetHints":{"allow":["GET"]}}],"collection":[{"href":"https:\/\/libreriahistoriasdebolsillo.com\/index.php\/wp-json\/wp\/v2\/product"}],"about":[{"href":"https:\/\/libreriahistoriasdebolsillo.com\/index.php\/wp-json\/wp\/v2\/types\/product"}],"wp:featuredmedia":[{"embeddable":true,"href":"https:\/\/libreriahistoriasdebolsillo.com\/index.php\/wp-json\/wp\/v2\/media\/3138"}],"wp:attachment":[{"href":"https:\/\/libreriahistoriasdebolsillo.com\/index.php\/wp-json\/wp\/v2\/media?parent=3137"}],"wp:term":[{"taxonomy":"product_brand","embeddable":true,"href":"https:\/\/libreriahistoriasdebolsillo.com\/index.php\/wp-json\/wp\/v2\/product_brand?post=3137"},{"taxonomy":"product_cat","embeddable":true,"href":"https:\/\/libreriahistoriasdebolsillo.com\/index.php\/wp-json\/wp\/v2\/product_cat?post=3137"},{"taxonomy":"product_tag","embeddable":true,"href":"https:\/\/libreriahistoriasdebolsillo.com\/index.php\/wp-json\/wp\/v2\/product_tag?post=3137"}],"curies":[{"name":"wp","href":"https:\/\/api.w.org\/{rel}","templated":true}]}}