{"id":3162,"date":"2024-01-10T15:41:43","date_gmt":"2024-01-10T21:41:43","guid":{"rendered":"https:\/\/libreriahistoriasdebolsillo.com\/?post_type=product&#038;p=3162"},"modified":"2024-07-03T14:53:35","modified_gmt":"2024-07-03T20:53:35","slug":"estuche-mistborn","status":"publish","type":"product","link":"https:\/\/libreriahistoriasdebolsillo.com\/index.php\/producto\/estuche-mistborn\/","title":{"rendered":"Estuche Mistborn"},"content":{"rendered":"<p><b>La primera trilog\u00eda de una de las series imprescindibles del Cosmere, el universo destinado a convertirse en la saga m\u00e1s extensa y fascinante jam\u00e1s escrita en el \u00e1mbito de la fantas\u00eda \u00e9pica. Su autor, Brandon Sanderson, es ya considerado el gran autor de fantas\u00eda del siglo XXI.<\/b><\/p>\n<p><b>Trilog\u00eda\u00a0<\/b><i><b>Nacidosde la bruma (Mistborn)<\/b><\/i><b>:\u00a0<\/b><i><b>El imperio final<\/b><\/i><b>,\u00a0<\/b><i><b>El pozo de la Ascensi\u00f3n<\/b><\/i><b>\u00a0y\u00a0<\/b><i><b>El h\u00e9roe de las eras<\/b><\/i><b>.<\/b><\/p>\n<p>Durante mil a\u00f1os han ca\u00eddo las cenizas y nada florece. Durante mil a\u00f1os los skaa han sido esclavizados y viven sumidos en un miedo inevitable. Durante mil a\u00f1os el Lord Legislador reina con un poder absoluto gracias al terror, a sus poderes y a su inmortalidad. Le ayudan \u00abobligadores\u00bb e \u00abinquisidores\u00bb, junto a la poderosa magia de la alomancia. Pero los nobles a menudo han tenido trato sexual con j\u00f3venes skaa y, aunque la ley lo proh\u00edbe, algunos de sus bastardos han sobrevivido y heredado los poderes alom\u00e1nticos: son los \u00abnacidos de la bruma\u00bb (mistborns).<\/p>\n<p><b>El imperio final<\/b><\/p>\n<p>En El Imperio final, Kelsier, el \u00absuperviviente\u00bb, el \u00fanico que ha logrado huir de los Pozos de Hathsin, ha encontrado a Vin, una pobre chica skaa con mucha suerte&#8230; Tal vez los dos, unidos a la rebeli\u00f3n que los skaa intentan desde hace mil a\u00f1os, logren cambiar el mundo y la atroz dominaci\u00f3n del Lord Legislador.<\/p>\n<p><b>El pozo de la Ascensi\u00f3n<\/b><\/p>\n<p>Vencer y matar al Lord Legislador fue la parte sencilla. El verdadero desaf\u00edo ser\u00e1 sobrevivir a las consecuencias de su ca\u00edda. Tomar el poder tal vez result\u00f3 f\u00e1cil, pero \u00bfqu\u00e9 ocurre despu\u00e9s?, \u00bfc\u00f3mo se utiliza? En ese mundo de aventura \u00e9pica, la estrategia pol\u00edtica y religiosa debe lidiar con los siempre misteriosos poderes de la alomancia&#8230;<\/p>\n<p><b>El h\u00e9roe de las eras<\/b><\/p>\n<p>En El h\u00e9roe de las eras se comprende el porqu\u00e9 de la niebla y las cenizas, las tenebrosas acciones del Lord Legislador y la naturaleza del Pozo de la Ascensi\u00f3n. Vin y el Rey Elend buscan en los \u00faltimos escondites de recursos del Lord Legislador y descubren el peligro que acecha a la humanidad. \u00bfConseguir\u00e1n detenerlo a tiempo?<\/p>\n","protected":false},"excerpt":{"rendered":"<p>Brandon Sanderson<\/p>\n","protected":false},"featured_media":3163,"template":"","meta":{"_joinchat":[]},"product_brand":[],"product_cat":[39],"product_tag":[34],"class_list":{"0":"post-3162","1":"product","2":"type-product","3":"status-publish","4":"has-post-thumbnail","6":"product_cat-fantasia","7":"product_tag-penguin-random-house","9":"first","10":"outofstock","11":"shipping-taxable","12":"purchasable","13":"product-type-simple"},"_links":{"self":[{"href":"https:\/\/libreriahistoriasdebolsillo.com\/index.php\/wp-json\/wp\/v2\/product\/3162","targetHints":{"allow":["GET"]}}],"collection":[{"href":"https:\/\/libreriahistoriasdebolsillo.com\/index.php\/wp-json\/wp\/v2\/product"}],"about":[{"href":"https:\/\/libreriahistoriasdebolsillo.com\/index.php\/wp-json\/wp\/v2\/types\/product"}],"wp:featuredmedia":[{"embeddable":true,"href":"https:\/\/libreriahistoriasdebolsillo.com\/index.php\/wp-json\/wp\/v2\/media\/3163"}],"wp:attachment":[{"href":"https:\/\/libreriahistoriasdebolsillo.com\/index.php\/wp-json\/wp\/v2\/media?parent=3162"}],"wp:term":[{"taxonomy":"product_brand","embeddable":true,"href":"https:\/\/libreriahistoriasdebolsillo.com\/index.php\/wp-json\/wp\/v2\/product_brand?post=3162"},{"taxonomy":"product_cat","embeddable":true,"href":"https:\/\/libreriahistoriasdebolsillo.com\/index.php\/wp-json\/wp\/v2\/product_cat?post=3162"},{"taxonomy":"product_tag","embeddable":true,"href":"https:\/\/libreriahistoriasdebolsillo.com\/index.php\/wp-json\/wp\/v2\/product_tag?post=3162"}],"curies":[{"name":"wp","href":"https:\/\/api.w.org\/{rel}","templated":true}]}}