{"id":3166,"date":"2024-01-10T16:02:03","date_gmt":"2024-01-10T22:02:03","guid":{"rendered":"https:\/\/libreriahistoriasdebolsillo.com\/?post_type=product&#038;p=3166"},"modified":"2026-02-12T15:24:21","modified_gmt":"2026-02-12T21:24:21","slug":"tus-zonas-erroneas","status":"publish","type":"product","link":"https:\/\/libreriahistoriasdebolsillo.com\/index.php\/producto\/tus-zonas-erroneas\/","title":{"rendered":"Tus zonas err\u00f3neas"},"content":{"rendered":"<p><b>El estado de salud es un estado natural, y los medios para lograrlo est\u00e1n dentro de las posibilidades de cada uno.<\/b><\/p>\n<p>\u00bfTienes a veces la sensaci\u00f3n de estar desbordado por la existencia? \u00bfParalizado por compromisos -afectivos, laborales&#8230;- que ya no te satisfacen? \u00bfDominado por complejos de culpa o inseguridad? No proyectes tu insatisfacci\u00f3n en otros, la causa est\u00e1 en ti, en las zonas err\u00f3neas de tu personalidad, que te bloquean e impiden que te realices.<\/p>\n<p>Esta obra, quiz\u00e1 la m\u00e1s le\u00edda y respetada de toda la literatura de autoayuda, muestra d\u00f3nde se encuentran, qu\u00e9 significan y c\u00f3mo superarlas. Todo ello contado con la amenidad y sencillez de quien sabe que puede cooperar en la mejora de la vida de los otros. Saborea este libro y no te niegues la posibilidad de ser un poco mejor y mucho m\u00e1s feliz.<\/p>\n","protected":false},"excerpt":{"rendered":"<p>Wayne W. Dyer<\/p>\n","protected":false},"featured_media":3167,"template":"","meta":{"_joinchat":[]},"product_brand":[],"product_cat":[58,41],"product_tag":[34],"class_list":{"0":"post-3166","1":"product","2":"type-product","3":"status-publish","4":"has-post-thumbnail","6":"product_cat-desarrollo-humano-y-superacion","7":"product_cat-desarrollo-humano","8":"product_tag-penguin-random-house","10":"first","11":"instock","12":"shipping-taxable","13":"purchasable","14":"product-type-simple"},"_links":{"self":[{"href":"https:\/\/libreriahistoriasdebolsillo.com\/index.php\/wp-json\/wp\/v2\/product\/3166","targetHints":{"allow":["GET"]}}],"collection":[{"href":"https:\/\/libreriahistoriasdebolsillo.com\/index.php\/wp-json\/wp\/v2\/product"}],"about":[{"href":"https:\/\/libreriahistoriasdebolsillo.com\/index.php\/wp-json\/wp\/v2\/types\/product"}],"wp:featuredmedia":[{"embeddable":true,"href":"https:\/\/libreriahistoriasdebolsillo.com\/index.php\/wp-json\/wp\/v2\/media\/3167"}],"wp:attachment":[{"href":"https:\/\/libreriahistoriasdebolsillo.com\/index.php\/wp-json\/wp\/v2\/media?parent=3166"}],"wp:term":[{"taxonomy":"product_brand","embeddable":true,"href":"https:\/\/libreriahistoriasdebolsillo.com\/index.php\/wp-json\/wp\/v2\/product_brand?post=3166"},{"taxonomy":"product_cat","embeddable":true,"href":"https:\/\/libreriahistoriasdebolsillo.com\/index.php\/wp-json\/wp\/v2\/product_cat?post=3166"},{"taxonomy":"product_tag","embeddable":true,"href":"https:\/\/libreriahistoriasdebolsillo.com\/index.php\/wp-json\/wp\/v2\/product_tag?post=3166"}],"curies":[{"name":"wp","href":"https:\/\/api.w.org\/{rel}","templated":true}]}}