{"id":3170,"date":"2024-01-10T16:20:18","date_gmt":"2024-01-10T22:20:18","guid":{"rendered":"https:\/\/libreriahistoriasdebolsillo.com\/?post_type=product&#038;p=3170"},"modified":"2025-02-20T16:33:58","modified_gmt":"2025-02-20T22:33:58","slug":"la-otra-gente","status":"publish","type":"product","link":"https:\/\/libreriahistoriasdebolsillo.com\/index.php\/producto\/la-otra-gente\/","title":{"rendered":"La otra gente"},"content":{"rendered":"<p>Es su hija de cinco a\u00f1os, Izzy.<\/p>\n<p>Nunca la vuelve a ver.<\/p>\n<p>Tres a\u00f1os despu\u00e9s, Gabe pasa sus d\u00edas y sus noches recorriendo la autopista en busca del autom\u00f3vil que se llev\u00f3 a su hija, neg\u00e1ndose a perder la esperanza aunque la mayor\u00eda de la gente crea que Izzy est\u00e1 muerta.<\/p>\n<p>Fran y suhija, Alice, tambi\u00e9n han hecho muchos kil\u00f3metros por la\u00a0<b>autopista<\/b>. No buscan.\u00a0<b>Huyen.\u00a0<\/b>Tratando de mantenerse un paso por delante de quienes quieren hacerles da\u00f1o. Porque Fran conoce la verdad. Sabe lo que realmente le pas\u00f3 a la hija de Gabe.Sabe qui\u00e9n es el responsable. Y sabe lo que les har\u00e1n si alguna vez las alcanzan&#8230;<\/p>\n","protected":false},"excerpt":{"rendered":"<p>C.J. Tudor<\/p>\n","protected":false},"featured_media":3171,"template":"","meta":{"_joinchat":[]},"product_brand":[],"product_cat":[79,37,51],"product_tag":[34],"class_list":{"0":"post-3170","1":"product","2":"type-product","3":"status-publish","4":"has-post-thumbnail","6":"product_cat-campana-punto-naranja","7":"product_cat-misterio-y-thriller","8":"product_cat-oferta","9":"product_tag-penguin-random-house","11":"first","12":"outofstock","13":"sale","14":"shipping-taxable","15":"purchasable","16":"product-type-simple"},"_links":{"self":[{"href":"https:\/\/libreriahistoriasdebolsillo.com\/index.php\/wp-json\/wp\/v2\/product\/3170","targetHints":{"allow":["GET"]}}],"collection":[{"href":"https:\/\/libreriahistoriasdebolsillo.com\/index.php\/wp-json\/wp\/v2\/product"}],"about":[{"href":"https:\/\/libreriahistoriasdebolsillo.com\/index.php\/wp-json\/wp\/v2\/types\/product"}],"wp:featuredmedia":[{"embeddable":true,"href":"https:\/\/libreriahistoriasdebolsillo.com\/index.php\/wp-json\/wp\/v2\/media\/3171"}],"wp:attachment":[{"href":"https:\/\/libreriahistoriasdebolsillo.com\/index.php\/wp-json\/wp\/v2\/media?parent=3170"}],"wp:term":[{"taxonomy":"product_brand","embeddable":true,"href":"https:\/\/libreriahistoriasdebolsillo.com\/index.php\/wp-json\/wp\/v2\/product_brand?post=3170"},{"taxonomy":"product_cat","embeddable":true,"href":"https:\/\/libreriahistoriasdebolsillo.com\/index.php\/wp-json\/wp\/v2\/product_cat?post=3170"},{"taxonomy":"product_tag","embeddable":true,"href":"https:\/\/libreriahistoriasdebolsillo.com\/index.php\/wp-json\/wp\/v2\/product_tag?post=3170"}],"curies":[{"name":"wp","href":"https:\/\/api.w.org\/{rel}","templated":true}]}}