{"id":3172,"date":"2024-01-10T16:27:30","date_gmt":"2024-01-10T22:27:30","guid":{"rendered":"https:\/\/libreriahistoriasdebolsillo.com\/?post_type=product&#038;p=3172"},"modified":"2026-02-04T16:18:47","modified_gmt":"2026-02-04T22:18:47","slug":"el-dia-que-se-abrio-el-cielo","status":"publish","type":"product","link":"https:\/\/libreriahistoriasdebolsillo.com\/index.php\/producto\/el-dia-que-se-abrio-el-cielo\/","title":{"rendered":"El d\u00eda que se abri\u00f3 el cielo"},"content":{"rendered":"<p><b>El regreso de Samantha Shannon, autora bestseller de \u00abLa Era de Huesos\u00bb, al mundo de\u00a0<\/b><i><b>El priorato del naranjo<\/b><\/i><b>.<\/b><\/p>\n<p><b>La novela de fantas\u00eda m\u00e1s esperada del 2023.<\/b><br \/>\n<b>Uno de los grandes acontecimientos literarios del a\u00f1o.<\/b><\/p>\n<p>Tunuva Melim es una de las hermanas del Priorato. Se ha pasado cincuenta a\u00f1os entrenando para combatir a los wyrms, pero no ha aparecido ninguno desde que vencieran al Innombrable, y las hermanas m\u00e1s j\u00f3venes empiezan a cuestionarse el motivo de ser del Priorato.<\/p>\n<p>Al norte, en el reino de Inys, Sabran la Ambiciosa se ha casado con el nuevo rey de Hr\u00f3th,reconduciendo el destino de ambos reinos. Su hija, Gloria, la sigue fielmente, en la sombra, que es justo donde quiere estar.<\/p>\n<p>Los dragones del Este llevan siglos dormidos. Dumai se ha pasado la vida en un templo en las monta\u00f1as de Seiiki, intentando despertar a los dioses de su largo letargo. Pero de pronto aparece alguien del pasado de su madre para cambiar el rumbo de su destino.<\/p>\n<p>Cuando el monte Pavor entra en erupci\u00f3n, desencadenando una era de terror y violencia, estas mujeres tendr\u00e1n que encontrar la fuerza necesaria para salvar a la humanidad de una amenaza devastadora.<\/p>\n<p><i><b>El d\u00eda que se abri\u00f3 el cielo<\/b><\/i><b>\u00a0es una historia \u00e9pica que combina diversas tramas, conduciendo otra vez al lector al mundo de<\/b>\u00a0<i><b>El priorato del naranjo<\/b><\/i><b>\u00a0y mostr\u00e1ndole la sucesi\u00f3n de eventos que determinar\u00edan su destino.<\/b><\/p>\n","protected":false},"excerpt":{"rendered":"<p>Samantha Shannon<\/p>\n","protected":false},"featured_media":3173,"template":"","meta":{"_joinchat":[]},"product_brand":[],"product_cat":[39,51],"product_tag":[34],"class_list":{"0":"post-3172","1":"product","2":"type-product","3":"status-publish","4":"has-post-thumbnail","6":"product_cat-fantasia","7":"product_cat-oferta","8":"product_tag-penguin-random-house","10":"first","11":"instock","12":"sale","13":"shipping-taxable","14":"purchasable","15":"product-type-simple"},"_links":{"self":[{"href":"https:\/\/libreriahistoriasdebolsillo.com\/index.php\/wp-json\/wp\/v2\/product\/3172","targetHints":{"allow":["GET"]}}],"collection":[{"href":"https:\/\/libreriahistoriasdebolsillo.com\/index.php\/wp-json\/wp\/v2\/product"}],"about":[{"href":"https:\/\/libreriahistoriasdebolsillo.com\/index.php\/wp-json\/wp\/v2\/types\/product"}],"wp:featuredmedia":[{"embeddable":true,"href":"https:\/\/libreriahistoriasdebolsillo.com\/index.php\/wp-json\/wp\/v2\/media\/3173"}],"wp:attachment":[{"href":"https:\/\/libreriahistoriasdebolsillo.com\/index.php\/wp-json\/wp\/v2\/media?parent=3172"}],"wp:term":[{"taxonomy":"product_brand","embeddable":true,"href":"https:\/\/libreriahistoriasdebolsillo.com\/index.php\/wp-json\/wp\/v2\/product_brand?post=3172"},{"taxonomy":"product_cat","embeddable":true,"href":"https:\/\/libreriahistoriasdebolsillo.com\/index.php\/wp-json\/wp\/v2\/product_cat?post=3172"},{"taxonomy":"product_tag","embeddable":true,"href":"https:\/\/libreriahistoriasdebolsillo.com\/index.php\/wp-json\/wp\/v2\/product_tag?post=3172"}],"curies":[{"name":"wp","href":"https:\/\/api.w.org\/{rel}","templated":true}]}}