{"id":3174,"date":"2024-01-10T16:29:34","date_gmt":"2024-01-10T22:29:34","guid":{"rendered":"https:\/\/libreriahistoriasdebolsillo.com\/?post_type=product&#038;p=3174"},"modified":"2025-03-27T16:38:30","modified_gmt":"2025-03-27T22:38:30","slug":"algo-alrededor-de-tu-cuello","status":"publish","type":"product","link":"https:\/\/libreriahistoriasdebolsillo.com\/index.php\/producto\/algo-alrededor-de-tu-cuello\/","title":{"rendered":"Algo alrededor de tu cuello"},"content":{"rendered":"<p>Conmovedores y profundos, estos relatos cuentan historias humanamente cercanas y geogr\u00e1ficamente remotas: historias de mujeres que sufren lejos de su pa\u00eds de origen, historias de emigrantes que se encuentran a s\u00ed mismos en Am\u00e9rica, la tierra prometida.<\/p>\n<p>Chimamanda Ngozi Adichie, autora nigeriana, sabe hablar de \u00c1frica alej\u00e1ndose de los titulares manidos sobre ese continente, pero sin dejar de lado la historia de su pa\u00eds.<\/p>\n<p>Es una escritora interesada en c\u00f3mo los asuntos p\u00fablicos afectan a los individuos, interesada en analizar desde la ficci\u00f3n el choque entre la modernidad y la tradici\u00f3n, las expectativas familiares y los sue\u00f1os de las nuevas generaciones.<\/p>\n","protected":false},"excerpt":{"rendered":"<p>Chimamanda Ngozi Adichie<\/p>\n","protected":false},"featured_media":3175,"template":"","meta":{"_joinchat":[]},"product_brand":[],"product_cat":[33],"product_tag":[34],"class_list":{"0":"post-3174","1":"product","2":"type-product","3":"status-publish","4":"has-post-thumbnail","6":"product_cat-ficcion-general","7":"product_tag-penguin-random-house","9":"first","10":"outofstock","11":"shipping-taxable","12":"purchasable","13":"product-type-simple"},"_links":{"self":[{"href":"https:\/\/libreriahistoriasdebolsillo.com\/index.php\/wp-json\/wp\/v2\/product\/3174","targetHints":{"allow":["GET"]}}],"collection":[{"href":"https:\/\/libreriahistoriasdebolsillo.com\/index.php\/wp-json\/wp\/v2\/product"}],"about":[{"href":"https:\/\/libreriahistoriasdebolsillo.com\/index.php\/wp-json\/wp\/v2\/types\/product"}],"wp:featuredmedia":[{"embeddable":true,"href":"https:\/\/libreriahistoriasdebolsillo.com\/index.php\/wp-json\/wp\/v2\/media\/3175"}],"wp:attachment":[{"href":"https:\/\/libreriahistoriasdebolsillo.com\/index.php\/wp-json\/wp\/v2\/media?parent=3174"}],"wp:term":[{"taxonomy":"product_brand","embeddable":true,"href":"https:\/\/libreriahistoriasdebolsillo.com\/index.php\/wp-json\/wp\/v2\/product_brand?post=3174"},{"taxonomy":"product_cat","embeddable":true,"href":"https:\/\/libreriahistoriasdebolsillo.com\/index.php\/wp-json\/wp\/v2\/product_cat?post=3174"},{"taxonomy":"product_tag","embeddable":true,"href":"https:\/\/libreriahistoriasdebolsillo.com\/index.php\/wp-json\/wp\/v2\/product_tag?post=3174"}],"curies":[{"name":"wp","href":"https:\/\/api.w.org\/{rel}","templated":true}]}}