{"id":3176,"date":"2024-01-10T16:33:35","date_gmt":"2024-01-10T22:33:35","guid":{"rendered":"https:\/\/libreriahistoriasdebolsillo.com\/?post_type=product&#038;p=3176"},"modified":"2025-08-30T16:36:44","modified_gmt":"2025-08-30T22:36:44","slug":"conecta-con-el-dinero","status":"publish","type":"product","link":"https:\/\/libreriahistoriasdebolsillo.com\/index.php\/producto\/conecta-con-el-dinero\/","title":{"rendered":"Conecta con el dinero"},"content":{"rendered":"<p>El\u00a0<b>dinero<\/b>\u00a0es uno de los temas m\u00e1s fascinantes, atractivos, pol\u00e9micos y mejor investigados del mundo. Se han escrito cientos de libros sobre qu\u00e9 es, c\u00f3mo ganarlo, c\u00f3mo gastarlo, qui\u00e9n lo tiene y por qu\u00e9. Sin embargo, a pesar del enfoque y el inter\u00e9s constantes en la materia, hay una palabra que describe la opini\u00f3n de la persona promedio sobre el dinero: confusi\u00f3n.<\/p>\n<p>Eneste libro, Brian Tracy, autor bestseller de The New York Times, ense\u00f1a las\u00a0<b>leyes del dinero<\/b>\u00a0y c\u00f3mo obtenerlo desde la perspectiva del\u00a0<b>m\u00e9todo cient\u00edfico<\/b>. Estas leyes han sido probadas una y otra vez no s\u00f3lo por algunos a\u00f1os, sino durante siglos por miles de personas y siempre han dado el mismo resultado:\u00a0<b>prosperidad<\/b>. Si simplemente estudias las ideas de este libro y las aplicas a tu vida y a tus negocios, en poco tiempo podr\u00e1s ver los efectos del\u00a0<b>\u00e9xito financiero<\/b>.<\/p>\n","protected":false},"excerpt":{"rendered":"<p>Brian Tracy<\/p>\n","protected":false},"featured_media":3177,"template":"","meta":{"_joinchat":[]},"product_brand":[],"product_cat":[58,41],"product_tag":[34],"class_list":{"0":"post-3176","1":"product","2":"type-product","3":"status-publish","4":"has-post-thumbnail","6":"product_cat-desarrollo-humano-y-superacion","7":"product_cat-desarrollo-humano","8":"product_tag-penguin-random-house","10":"first","11":"outofstock","12":"shipping-taxable","13":"purchasable","14":"product-type-simple"},"_links":{"self":[{"href":"https:\/\/libreriahistoriasdebolsillo.com\/index.php\/wp-json\/wp\/v2\/product\/3176","targetHints":{"allow":["GET"]}}],"collection":[{"href":"https:\/\/libreriahistoriasdebolsillo.com\/index.php\/wp-json\/wp\/v2\/product"}],"about":[{"href":"https:\/\/libreriahistoriasdebolsillo.com\/index.php\/wp-json\/wp\/v2\/types\/product"}],"wp:featuredmedia":[{"embeddable":true,"href":"https:\/\/libreriahistoriasdebolsillo.com\/index.php\/wp-json\/wp\/v2\/media\/3177"}],"wp:attachment":[{"href":"https:\/\/libreriahistoriasdebolsillo.com\/index.php\/wp-json\/wp\/v2\/media?parent=3176"}],"wp:term":[{"taxonomy":"product_brand","embeddable":true,"href":"https:\/\/libreriahistoriasdebolsillo.com\/index.php\/wp-json\/wp\/v2\/product_brand?post=3176"},{"taxonomy":"product_cat","embeddable":true,"href":"https:\/\/libreriahistoriasdebolsillo.com\/index.php\/wp-json\/wp\/v2\/product_cat?post=3176"},{"taxonomy":"product_tag","embeddable":true,"href":"https:\/\/libreriahistoriasdebolsillo.com\/index.php\/wp-json\/wp\/v2\/product_tag?post=3176"}],"curies":[{"name":"wp","href":"https:\/\/api.w.org\/{rel}","templated":true}]}}