{"id":3178,"date":"2024-01-10T16:35:20","date_gmt":"2024-01-10T22:35:20","guid":{"rendered":"https:\/\/libreriahistoriasdebolsillo.com\/?post_type=product&#038;p=3178"},"modified":"2025-06-21T17:31:00","modified_gmt":"2025-06-21T23:31:00","slug":"muerte-de-la-luz","status":"publish","type":"product","link":"https:\/\/libreriahistoriasdebolsillo.com\/index.php\/producto\/muerte-de-la-luz\/","title":{"rendered":"Biblioteca George R.R. Martin. Muerte de la luz"},"content":{"rendered":"<p>\u00ab<b>Si me env\u00edas este recuerdo<\/b>, vendr\u00e9. Donde est\u00e9, cuando sea, independientemente de lo que haya ocurrido entre los dos. Vendr\u00e9, sin preguntas\u00bb, este es el mensaje que Dirk t&#8217;Larien escribi\u00f3 hace siete a\u00f1os para Gwen Delvano, justo despu\u00e9s de terminar su relaci\u00f3n. Y ahora Dirk lo recibe de vuelta, como un llamado a cumplir su promesa y un s\u00edmbolo de aquel pasado que todav\u00eda lo conmueve. As\u00ed que emprende el viaje pero cuando llega a Worlorn, un\u00a0<b>planeta pr\u00e1cticamente abandonado\u00a0<\/b>que se hunde poco a poco en las tinieblas, alumbrado por soles moribundos, Dirk encuentra a Gwen atada a otro hombre y a una\u00a0<b>sociedad tribal y violenta<\/b>\u00a0que pondr\u00e1 a prueba su lealtad y su capacidad para sobrevivir.<\/p>\n<p><i>Muerte de la luz<\/i>\u00a0es la primera novela de George R. R. Martin, una de las historias de amor m\u00e1s emblem\u00e1ticas de la ciencia ficci\u00f3n que ha conmovidoa cientos de miles de lectores alrededor del mundo y que los ha asombrado con la imponente belleza de sus\u00a0<b>escenarios estelares.<\/b><\/p>\n","protected":false},"excerpt":{"rendered":"<p>George R.R. Martin<\/p>\n","protected":false},"featured_media":3179,"template":"","meta":{"_joinchat":[]},"product_brand":[],"product_cat":[39,51],"product_tag":[34],"class_list":{"0":"post-3178","1":"product","2":"type-product","3":"status-publish","4":"has-post-thumbnail","6":"product_cat-fantasia","7":"product_cat-oferta","8":"product_tag-penguin-random-house","10":"first","11":"outofstock","12":"shipping-taxable","13":"purchasable","14":"product-type-simple"},"_links":{"self":[{"href":"https:\/\/libreriahistoriasdebolsillo.com\/index.php\/wp-json\/wp\/v2\/product\/3178","targetHints":{"allow":["GET"]}}],"collection":[{"href":"https:\/\/libreriahistoriasdebolsillo.com\/index.php\/wp-json\/wp\/v2\/product"}],"about":[{"href":"https:\/\/libreriahistoriasdebolsillo.com\/index.php\/wp-json\/wp\/v2\/types\/product"}],"wp:featuredmedia":[{"embeddable":true,"href":"https:\/\/libreriahistoriasdebolsillo.com\/index.php\/wp-json\/wp\/v2\/media\/3179"}],"wp:attachment":[{"href":"https:\/\/libreriahistoriasdebolsillo.com\/index.php\/wp-json\/wp\/v2\/media?parent=3178"}],"wp:term":[{"taxonomy":"product_brand","embeddable":true,"href":"https:\/\/libreriahistoriasdebolsillo.com\/index.php\/wp-json\/wp\/v2\/product_brand?post=3178"},{"taxonomy":"product_cat","embeddable":true,"href":"https:\/\/libreriahistoriasdebolsillo.com\/index.php\/wp-json\/wp\/v2\/product_cat?post=3178"},{"taxonomy":"product_tag","embeddable":true,"href":"https:\/\/libreriahistoriasdebolsillo.com\/index.php\/wp-json\/wp\/v2\/product_tag?post=3178"}],"curies":[{"name":"wp","href":"https:\/\/api.w.org\/{rel}","templated":true}]}}