{"id":3182,"date":"2024-01-10T16:39:30","date_gmt":"2024-01-10T22:39:30","guid":{"rendered":"https:\/\/libreriahistoriasdebolsillo.com\/?post_type=product&#038;p=3182"},"modified":"2024-05-20T12:12:56","modified_gmt":"2024-05-20T18:12:56","slug":"biblioteca-george-r-r-martin-viajeros-de-la-noche-ciencia-ficcion-ii","status":"publish","type":"product","link":"https:\/\/libreriahistoriasdebolsillo.com\/index.php\/producto\/biblioteca-george-r-r-martin-viajeros-de-la-noche-ciencia-ficcion-ii\/","title":{"rendered":"Biblioteca George R.R. Martin. Viajeros de la noche (Ciencia ficci\u00f3n II)"},"content":{"rendered":"<p>Antes de vender millones de ejemplares y cosechar fama mundial por la saga\u00a0<b><i>Canci\u00f3n de Hielo y Fuego,<\/i><\/b>\u00a0George R. R. Martin public\u00f3 cuentos y novelas de fantas\u00eda, terror y\u00a0<b>ciencia ficci\u00f3n.<\/b><\/p>\n<p>Gracias a sus extraordinarias dotes narrativas y su capacidad magistral para\u00a0<b>crear mundos y personajes,\u00a0<\/b>se ha ganado el respeto de los lectores y la ovaci\u00f3n de los jurados de los premios Hugo, Nebula, World Fantasy Awards y varios m\u00e1s.<\/p>\n<p>Este\u00a0<b>segundo volumen<\/b>\u00a0complementa lo mejor de la ciencia ficci\u00f3n de George R. R. Martin: relatos con escenarios futuristas y\u00a0<b>misiones espaciales extremas<\/b>, el tel\u00f3n de fondo perfecto para extraterrestres que deben resolver situaciones absolutamente humanas.<\/p>\n<p>El genio inagotable del autor nos ofrece aqu\u00ed cl\u00e1sicos como \u00abLa ciudad de piedra\u00bb, \u00abEsa torre de cenizas\u00bb o la novela corta \u00abViajeros de la noche\u00bb, cuya<b>\u00a0atm\u00f3sfera inquietante<\/b>\u00a0rodea a la tripulaci\u00f3n de una nave controladapor un misterioso viajero, en una expedici\u00f3n para hallar a los\u00a0<i>volcryn<\/i>, esa m\u00edtica raza de\u00a0<b>n\u00f3madas interestelares<\/b>\u00a0que nadie ha visto nunca.<\/p>\n<p><b>La cr\u00edtica ha dicho&#8230;<\/b><\/p>\n<p>\u00abGeorge ha creado una galer\u00eda de personajes maravillosamente v\u00edvidos (a veces conmovedores, a veces grotescos, a veces conmovedores y grotescos) que casi ning\u00fan escritor ha conseguido igualar, una galer\u00eda tan rica y variada que recuerda la de Dickens. Cuando un escritor domina este truco de magia, ya no necesita m\u00e1s.\u00bb<\/p>\n<p>Gardner Dozois<\/p>\n","protected":false},"excerpt":{"rendered":"<p>George R.R. Martin<\/p>\n","protected":false},"featured_media":3183,"template":"","meta":{"_joinchat":[]},"product_brand":[],"product_cat":[40,51],"product_tag":[34],"class_list":{"0":"post-3182","1":"product","2":"type-product","3":"status-publish","4":"has-post-thumbnail","6":"product_cat-ciencia-ficcion","7":"product_cat-oferta","8":"product_tag-penguin-random-house","10":"first","11":"outofstock","12":"shipping-taxable","13":"purchasable","14":"product-type-simple"},"_links":{"self":[{"href":"https:\/\/libreriahistoriasdebolsillo.com\/index.php\/wp-json\/wp\/v2\/product\/3182","targetHints":{"allow":["GET"]}}],"collection":[{"href":"https:\/\/libreriahistoriasdebolsillo.com\/index.php\/wp-json\/wp\/v2\/product"}],"about":[{"href":"https:\/\/libreriahistoriasdebolsillo.com\/index.php\/wp-json\/wp\/v2\/types\/product"}],"wp:featuredmedia":[{"embeddable":true,"href":"https:\/\/libreriahistoriasdebolsillo.com\/index.php\/wp-json\/wp\/v2\/media\/3183"}],"wp:attachment":[{"href":"https:\/\/libreriahistoriasdebolsillo.com\/index.php\/wp-json\/wp\/v2\/media?parent=3182"}],"wp:term":[{"taxonomy":"product_brand","embeddable":true,"href":"https:\/\/libreriahistoriasdebolsillo.com\/index.php\/wp-json\/wp\/v2\/product_brand?post=3182"},{"taxonomy":"product_cat","embeddable":true,"href":"https:\/\/libreriahistoriasdebolsillo.com\/index.php\/wp-json\/wp\/v2\/product_cat?post=3182"},{"taxonomy":"product_tag","embeddable":true,"href":"https:\/\/libreriahistoriasdebolsillo.com\/index.php\/wp-json\/wp\/v2\/product_tag?post=3182"}],"curies":[{"name":"wp","href":"https:\/\/api.w.org\/{rel}","templated":true}]}}