{"id":3184,"date":"2024-01-10T16:41:01","date_gmt":"2024-01-10T22:41:01","guid":{"rendered":"https:\/\/libreriahistoriasdebolsillo.com\/?post_type=product&#038;p=3184"},"modified":"2024-05-20T12:13:40","modified_gmt":"2024-05-20T18:13:40","slug":"biblioteca-george-r-r-martin-la-huida-del-cazador","status":"publish","type":"product","link":"https:\/\/libreriahistoriasdebolsillo.com\/index.php\/producto\/biblioteca-george-r-r-martin-la-huida-del-cazador\/","title":{"rendered":"Biblioteca George R.R. Martin. La huida del cazador"},"content":{"rendered":"<p>Entre los habitantes de S\u00e3o Paulo, est\u00e1 Ram\u00f3n Espejo, quien sue\u00f1a con tener una vida pr\u00f3spera al tiempo que es sumamente autodestructivo y violento. Sus problemas se precipitan la noche en que comete un\u00a0<b>crimen<\/b>\u00a0que tendr\u00e1\u00a0<b>consecuencias a gran escala<\/b>\u00a0y se ve obligado a huir hacia una monta\u00f1a.<\/p>\n<p>Ah\u00ed se encontrar\u00e1 con una\u00a0<b>inesperada compa\u00f1\u00eda<\/b>\u00a0que lo obligar\u00e1 a arriesgarla vida, pero tambi\u00e9n le dar\u00e1 la oportunidad de\u00a0<b>reinventarse<\/b>\u00a0de una forma en la que Ram\u00f3n jam\u00e1s habr\u00eda podido imaginar.<\/p>\n","protected":false},"excerpt":{"rendered":"<p>George R.R. Martin<\/p>\n","protected":false},"featured_media":3185,"template":"","meta":{"_joinchat":[]},"product_brand":[],"product_cat":[39,51],"product_tag":[34],"class_list":{"0":"post-3184","1":"product","2":"type-product","3":"status-publish","4":"has-post-thumbnail","6":"product_cat-fantasia","7":"product_cat-oferta","8":"product_tag-penguin-random-house","10":"first","11":"outofstock","12":"shipping-taxable","13":"purchasable","14":"product-type-simple"},"_links":{"self":[{"href":"https:\/\/libreriahistoriasdebolsillo.com\/index.php\/wp-json\/wp\/v2\/product\/3184","targetHints":{"allow":["GET"]}}],"collection":[{"href":"https:\/\/libreriahistoriasdebolsillo.com\/index.php\/wp-json\/wp\/v2\/product"}],"about":[{"href":"https:\/\/libreriahistoriasdebolsillo.com\/index.php\/wp-json\/wp\/v2\/types\/product"}],"wp:featuredmedia":[{"embeddable":true,"href":"https:\/\/libreriahistoriasdebolsillo.com\/index.php\/wp-json\/wp\/v2\/media\/3185"}],"wp:attachment":[{"href":"https:\/\/libreriahistoriasdebolsillo.com\/index.php\/wp-json\/wp\/v2\/media?parent=3184"}],"wp:term":[{"taxonomy":"product_brand","embeddable":true,"href":"https:\/\/libreriahistoriasdebolsillo.com\/index.php\/wp-json\/wp\/v2\/product_brand?post=3184"},{"taxonomy":"product_cat","embeddable":true,"href":"https:\/\/libreriahistoriasdebolsillo.com\/index.php\/wp-json\/wp\/v2\/product_cat?post=3184"},{"taxonomy":"product_tag","embeddable":true,"href":"https:\/\/libreriahistoriasdebolsillo.com\/index.php\/wp-json\/wp\/v2\/product_tag?post=3184"}],"curies":[{"name":"wp","href":"https:\/\/api.w.org\/{rel}","templated":true}]}}