{"id":3189,"date":"2024-01-10T17:47:13","date_gmt":"2024-01-10T23:47:13","guid":{"rendered":"https:\/\/libreriahistoriasdebolsillo.com\/?post_type=product&#038;p=3189"},"modified":"2024-01-10T17:47:13","modified_gmt":"2024-01-10T23:47:13","slug":"un-saco-de-huesos","status":"publish","type":"product","link":"https:\/\/libreriahistoriasdebolsillo.com\/index.php\/producto\/un-saco-de-huesos\/","title":{"rendered":"Un saco de huesos"},"content":{"rendered":"<p>Cuatro a\u00f1os despu\u00e9s de la repentina muerte de su esposa, el novelista Mike Noonan sigue preso de una terrible depresi\u00f3n y de espantosas pesadillas. Busca refugio en su casa de veraneo, pero en ese lugar un hombre poderoso, Max Devore, no tiene escr\u00fapulos en manipular a la comunidad para conseguir sus siniestros prop\u00f3sitos. Mike se involucra en el enfrentamiento y se ve atrapado en el misterio de la casa, ahora escenario de visitas fantasmales y obsesiones cada vez m\u00e1s abominables&#8230;\u00a0<i>Un saco de huesos<\/i>\u00a0es la novela m\u00e1s emocionante e inolvidable de Stephen King: una historia sobre el sufrimiento y el v\u00ednculo eterno de un hombre con un amor malogrado, sobre un nuevo amor amenazado por secretos del pasado y una inocente ni\u00f1a atrapada en el fuego cruzado de fuerzas naturales y sobrenaturales.<\/p>\n","protected":false},"excerpt":{"rendered":"<p>Stephen King<\/p>\n","protected":false},"featured_media":3190,"template":"","meta":{"_joinchat":[]},"product_brand":[],"product_cat":[36],"product_tag":[34],"class_list":{"0":"post-3189","1":"product","2":"type-product","3":"status-publish","4":"has-post-thumbnail","6":"product_cat-terror-y-paranormal","7":"product_tag-penguin-random-house","9":"first","10":"outofstock","11":"shipping-taxable","12":"purchasable","13":"product-type-simple"},"_links":{"self":[{"href":"https:\/\/libreriahistoriasdebolsillo.com\/index.php\/wp-json\/wp\/v2\/product\/3189","targetHints":{"allow":["GET"]}}],"collection":[{"href":"https:\/\/libreriahistoriasdebolsillo.com\/index.php\/wp-json\/wp\/v2\/product"}],"about":[{"href":"https:\/\/libreriahistoriasdebolsillo.com\/index.php\/wp-json\/wp\/v2\/types\/product"}],"wp:featuredmedia":[{"embeddable":true,"href":"https:\/\/libreriahistoriasdebolsillo.com\/index.php\/wp-json\/wp\/v2\/media\/3190"}],"wp:attachment":[{"href":"https:\/\/libreriahistoriasdebolsillo.com\/index.php\/wp-json\/wp\/v2\/media?parent=3189"}],"wp:term":[{"taxonomy":"product_brand","embeddable":true,"href":"https:\/\/libreriahistoriasdebolsillo.com\/index.php\/wp-json\/wp\/v2\/product_brand?post=3189"},{"taxonomy":"product_cat","embeddable":true,"href":"https:\/\/libreriahistoriasdebolsillo.com\/index.php\/wp-json\/wp\/v2\/product_cat?post=3189"},{"taxonomy":"product_tag","embeddable":true,"href":"https:\/\/libreriahistoriasdebolsillo.com\/index.php\/wp-json\/wp\/v2\/product_tag?post=3189"}],"curies":[{"name":"wp","href":"https:\/\/api.w.org\/{rel}","templated":true}]}}