{"id":3191,"date":"2024-01-10T17:49:31","date_gmt":"2024-01-10T23:49:31","guid":{"rendered":"https:\/\/libreriahistoriasdebolsillo.com\/?post_type=product&#038;p=3191"},"modified":"2024-04-04T18:33:15","modified_gmt":"2024-04-05T00:33:15","slug":"el-secreto-multimillonario","status":"publish","type":"product","link":"https:\/\/libreriahistoriasdebolsillo.com\/index.php\/producto\/el-secreto-multimillonario\/","title":{"rendered":"El secreto multimillonario"},"content":{"rendered":"<p><b>\u00abNo hay ning\u00fan otro libro disponible en el mundo que contenga tanta experiencia, visi\u00f3n y sabidur\u00eda empresarial\u00bb. Basado en entrevistas a m\u00e1s de 20 multimillonarios<\/b><\/p>\n<p>S\u00f3lo uno de cada cinco millones de ciudadanos del mundo es multimillonario.\u00a0<b>Este libro es el mapa para seguir su camino hacia la riqueza extrema y el \u00e9xito<\/b>. \u00bfC\u00f3mo es posible que algunas personas logren construir imperios y crear miles de millones de d\u00f3lares en riqueza? \u00bfSe trata de circunstancias afortunadas, de su entorno, de su educaci\u00f3n o de su personalidad? \u00bfCu\u00e1les son las claves de su \u00e9xito fenomenal? \u00bfCu\u00e1les son sus sistemas de creencias, mentalidades y rituales de \u00e9xito que les permitieron crear sus fortunas masivas? \u00bfQu\u00e9 los impulsa? \u00bfQu\u00e9 es lo que los hace llegar a ser tan tremendamente exitosos en los negocios?<\/p>\n<p>Este libro ofrece\u00a0<b>conocimiento de primera mano de empresarios multimillonarios<\/b>, el autor trabaj\u00f3 durante a\u00f1os con algunos de los mejores emprendedores del planeta y destil\u00f3 sus secretos en\u00a0<b>20 principios mentales<\/b>\u00a0que les permitieron empezar de cero y crear miles de millones de d\u00f3lares en valor.<\/p>\n","protected":false},"excerpt":{"rendered":"<p>Rafael Badziag<\/p>\n","protected":false},"featured_media":3192,"template":"","meta":{"_joinchat":[]},"product_brand":[],"product_cat":[58,41,51],"product_tag":[34],"class_list":{"0":"post-3191","1":"product","2":"type-product","3":"status-publish","4":"has-post-thumbnail","6":"product_cat-desarrollo-humano-y-superacion","7":"product_cat-desarrollo-humano","8":"product_cat-oferta","9":"product_tag-penguin-random-house","11":"first","12":"outofstock","13":"shipping-taxable","14":"purchasable","15":"product-type-simple"},"_links":{"self":[{"href":"https:\/\/libreriahistoriasdebolsillo.com\/index.php\/wp-json\/wp\/v2\/product\/3191","targetHints":{"allow":["GET"]}}],"collection":[{"href":"https:\/\/libreriahistoriasdebolsillo.com\/index.php\/wp-json\/wp\/v2\/product"}],"about":[{"href":"https:\/\/libreriahistoriasdebolsillo.com\/index.php\/wp-json\/wp\/v2\/types\/product"}],"wp:featuredmedia":[{"embeddable":true,"href":"https:\/\/libreriahistoriasdebolsillo.com\/index.php\/wp-json\/wp\/v2\/media\/3192"}],"wp:attachment":[{"href":"https:\/\/libreriahistoriasdebolsillo.com\/index.php\/wp-json\/wp\/v2\/media?parent=3191"}],"wp:term":[{"taxonomy":"product_brand","embeddable":true,"href":"https:\/\/libreriahistoriasdebolsillo.com\/index.php\/wp-json\/wp\/v2\/product_brand?post=3191"},{"taxonomy":"product_cat","embeddable":true,"href":"https:\/\/libreriahistoriasdebolsillo.com\/index.php\/wp-json\/wp\/v2\/product_cat?post=3191"},{"taxonomy":"product_tag","embeddable":true,"href":"https:\/\/libreriahistoriasdebolsillo.com\/index.php\/wp-json\/wp\/v2\/product_tag?post=3191"}],"curies":[{"name":"wp","href":"https:\/\/api.w.org\/{rel}","templated":true}]}}