{"id":3193,"date":"2024-01-10T17:51:10","date_gmt":"2024-01-10T23:51:10","guid":{"rendered":"https:\/\/libreriahistoriasdebolsillo.com\/?post_type=product&#038;p=3193"},"modified":"2024-04-04T18:33:42","modified_gmt":"2024-04-05T00:33:42","slug":"el-abc-para-salir-de-deudas","status":"publish","type":"product","link":"https:\/\/libreriahistoriasdebolsillo.com\/index.php\/producto\/el-abc-para-salir-de-deudas\/","title":{"rendered":"El ABC para salir de deudas"},"content":{"rendered":"<p>\u201cEl negocio de la vida requiere de un buen cr\u00e9dito. Sin importar d\u00f3nde te encuentres financieramente, este libro tiene estrategias que puedes usar para obtener un beneficio inmediato.\u201d\u00a0<b>Garrett Sutton Abogado corporativo, autor y experto en la protecci\u00f3n de activos<\/b><\/p>\n<p><b>LA SERIE DE RICH DAD ADVISORS HA VENDIDO M\u00c1S DE DOS MILLONES DE COPIAS EN TODO EL MUNDO, GRACIAS A QUE ENSE\u00d1A C\u00d3MO APLICAR LOS CONCEPTOS DE PADRE RICO PADRE POBRE.<\/b><\/p>\n<p>El ABC para salir de deudas revela las estrategias para evitar y superar las deudas incobrables, as\u00ed como para utilizar una buena deuda a tu favor. Escrito con claridad y con ilustrativas historias de la vida real, adem\u00e1s de las contribuciones de la experta en cr\u00e9dito Gerri Detweiler, este \u00fatil libro proporciona los conocimientos para navegar por el desafiante entorno actual crediticio.<\/p>\n<p>EL ABC PARA SALIR DE DEUDAS TE ENSE\u00d1AR\u00c1 C\u00d3MO:<\/p>\n<p>&#8211; Vencer a los prestamistas en su propio juego.<\/p>\n<p>-Reparar tu cr\u00e9dito.<\/p>\n<p>-Tratar con los cobradores de deudas.<\/p>\n<p>-Hacerte cargo de tus finanzas.<\/p>\n<p>-Ganar con una buena deuda. \u201c<\/p>\n","protected":false},"excerpt":{"rendered":"<p>Garret Sutton<\/p>\n","protected":false},"featured_media":3194,"template":"","meta":{"_joinchat":[]},"product_brand":[],"product_cat":[58,41,51],"product_tag":[34],"class_list":{"0":"post-3193","1":"product","2":"type-product","3":"status-publish","4":"has-post-thumbnail","6":"product_cat-desarrollo-humano-y-superacion","7":"product_cat-desarrollo-humano","8":"product_cat-oferta","9":"product_tag-penguin-random-house","11":"first","12":"outofstock","13":"shipping-taxable","14":"purchasable","15":"product-type-simple"},"_links":{"self":[{"href":"https:\/\/libreriahistoriasdebolsillo.com\/index.php\/wp-json\/wp\/v2\/product\/3193","targetHints":{"allow":["GET"]}}],"collection":[{"href":"https:\/\/libreriahistoriasdebolsillo.com\/index.php\/wp-json\/wp\/v2\/product"}],"about":[{"href":"https:\/\/libreriahistoriasdebolsillo.com\/index.php\/wp-json\/wp\/v2\/types\/product"}],"wp:featuredmedia":[{"embeddable":true,"href":"https:\/\/libreriahistoriasdebolsillo.com\/index.php\/wp-json\/wp\/v2\/media\/3194"}],"wp:attachment":[{"href":"https:\/\/libreriahistoriasdebolsillo.com\/index.php\/wp-json\/wp\/v2\/media?parent=3193"}],"wp:term":[{"taxonomy":"product_brand","embeddable":true,"href":"https:\/\/libreriahistoriasdebolsillo.com\/index.php\/wp-json\/wp\/v2\/product_brand?post=3193"},{"taxonomy":"product_cat","embeddable":true,"href":"https:\/\/libreriahistoriasdebolsillo.com\/index.php\/wp-json\/wp\/v2\/product_cat?post=3193"},{"taxonomy":"product_tag","embeddable":true,"href":"https:\/\/libreriahistoriasdebolsillo.com\/index.php\/wp-json\/wp\/v2\/product_tag?post=3193"}],"curies":[{"name":"wp","href":"https:\/\/api.w.org\/{rel}","templated":true}]}}