{"id":3195,"date":"2024-01-10T17:52:59","date_gmt":"2024-01-10T23:52:59","guid":{"rendered":"https:\/\/libreriahistoriasdebolsillo.com\/?post_type=product&#038;p=3195"},"modified":"2024-04-04T18:33:26","modified_gmt":"2024-04-05T00:33:26","slug":"fomo-fear-of-missing-out","status":"publish","type":"product","link":"https:\/\/libreriahistoriasdebolsillo.com\/index.php\/producto\/fomo-fear-of-missing-out\/","title":{"rendered":"FOMO: fear of missing out"},"content":{"rendered":"<p>\u00ab<b>Un libro indispensable que te ayudar\u00e1 a tomar decisiones enfocadas, acabar con la indecisi\u00f3n, reducir la ansiedad y utilizar tu tiempo de una mejor manera.\u00bb -Alex Torrenegra, emprendedor, inventor y empresario, juez de Shark Tank Colombi<\/b>a<\/p>\n<p>Est\u00e1s en casa un viernes por la noche, revisando Instagram, listo para ir a la cama. Ves fotos en tu timeline de una fiesta a la que te invitaron, pero a la que no fuiste. Estabas seguro cuando dijiste que no, pero ahora no puedes dejar de pensar en eso, y empiezas a sentirte peor. Tienes fomo o Fear Of Missing Out (miedo a perderte de algo). Acu\u00f1ado enun art\u00edculo de la Escuela de Negocios de Harvard, fomo se ha convertido en un t\u00e9rmino global para describir la\u00a0<b>ansiedad\u00a0<\/b>que diezma cuando se piensa que otras personas est\u00e1n teniendo mejores y m\u00e1s satisfactorias experiencias que t\u00fa. Amplificado por el auge de las\u00a0<b>redes sociales<\/b>, #FOMO se ha convertido en una\u00a0<b>crisis cultural<\/b>, \u00bfcu\u00e1l es la cura?<\/p>\n<p>La soluci\u00f3n es la toma de decisiones. Aprender a sopesar los costos y beneficios de tus elecciones, priorizarlas y escuchar tus instintos es fundamental para silenciar esta sensaci\u00f3n de fomo y a su primo menos conocido: fobo o Fear Of a Better Option (miedo a una mejor opci\u00f3n). Despu\u00e9s de todo, \u00bfa qui\u00e9n no le gustar\u00eda sentirse c\u00f3modo y confiado de sus decisiones? Escrito con\u00a0<b>autoevaluaciones\u00a0<\/b>a lo largo del libro,\u00a0<i>FOMO: Fear Of Missing Out\u00a0<\/i>te ayudar\u00e1 a determinar y eliminar las partes de tu vida que causan m\u00e1s ansiedad que felicidad y a decir no con seguridad y confianza.<\/p>\n","protected":false},"excerpt":{"rendered":"<p>Patrick J. Mcginnis<\/p>\n","protected":false},"featured_media":3196,"template":"","meta":{"_joinchat":[]},"product_brand":[],"product_cat":[58,41,51],"product_tag":[34],"class_list":{"0":"post-3195","1":"product","2":"type-product","3":"status-publish","4":"has-post-thumbnail","6":"product_cat-desarrollo-humano-y-superacion","7":"product_cat-desarrollo-humano","8":"product_cat-oferta","9":"product_tag-penguin-random-house","11":"first","12":"outofstock","13":"shipping-taxable","14":"purchasable","15":"product-type-simple"},"_links":{"self":[{"href":"https:\/\/libreriahistoriasdebolsillo.com\/index.php\/wp-json\/wp\/v2\/product\/3195","targetHints":{"allow":["GET"]}}],"collection":[{"href":"https:\/\/libreriahistoriasdebolsillo.com\/index.php\/wp-json\/wp\/v2\/product"}],"about":[{"href":"https:\/\/libreriahistoriasdebolsillo.com\/index.php\/wp-json\/wp\/v2\/types\/product"}],"wp:featuredmedia":[{"embeddable":true,"href":"https:\/\/libreriahistoriasdebolsillo.com\/index.php\/wp-json\/wp\/v2\/media\/3196"}],"wp:attachment":[{"href":"https:\/\/libreriahistoriasdebolsillo.com\/index.php\/wp-json\/wp\/v2\/media?parent=3195"}],"wp:term":[{"taxonomy":"product_brand","embeddable":true,"href":"https:\/\/libreriahistoriasdebolsillo.com\/index.php\/wp-json\/wp\/v2\/product_brand?post=3195"},{"taxonomy":"product_cat","embeddable":true,"href":"https:\/\/libreriahistoriasdebolsillo.com\/index.php\/wp-json\/wp\/v2\/product_cat?post=3195"},{"taxonomy":"product_tag","embeddable":true,"href":"https:\/\/libreriahistoriasdebolsillo.com\/index.php\/wp-json\/wp\/v2\/product_tag?post=3195"}],"curies":[{"name":"wp","href":"https:\/\/api.w.org\/{rel}","templated":true}]}}