{"id":3197,"date":"2024-01-10T17:54:56","date_gmt":"2024-01-10T23:54:56","guid":{"rendered":"https:\/\/libreriahistoriasdebolsillo.com\/?post_type=product&#038;p=3197"},"modified":"2024-04-04T18:34:31","modified_gmt":"2024-04-05T00:34:31","slug":"sin-pretextos-cambia-el-pero-por-el-puedo","status":"publish","type":"product","link":"https:\/\/libreriahistoriasdebolsillo.com\/index.php\/producto\/sin-pretextos-cambia-el-pero-por-el-puedo\/","title":{"rendered":"\u00a1Sin pretextos! Cambia el pero por el puedo"},"content":{"rendered":"<p><b>Lo que eres es mucho m\u00e1s que suficiente para ser&#8230; todo lo grande que quieres ser.<\/b><\/p>\n<p>Sab\u00edas que:<\/p>\n<p>-No puedes regresar al pasado para volver a empezar, pero puedes empezar ahora y cambiar el futuro.<\/p>\n<p>-Cuando crees de verdad en algo, tu mente encuentra la manera de lograrlo.<\/p>\n<p>-Tus logros no te definen, te define lo que superas.<\/p>\n<p>-Las crisis son la mejor oportunidad para crecer, pues la vida te las pone en frente para que hagas algo que jam\u00e1s te hubieras atrevido.<\/p>\n<p>-El \u00e9xito no se basa en hacer cosas extraordinarias de vez en cuando, sino en hacer cosas correctas constantemente.<\/p>\n<p><b>As\u00ed que: \u00a1Sin pret\u00e9xtos! Cambia el pero por el puedo.<\/b><\/p>\n<p>En este libro encontrar\u00e1s un gran n\u00famero de herramientas, estrategias, consejos y estudios avalados por los m\u00e1s grandes coach motivacionales, emprendedores, terapeutas y l\u00edderes, as\u00ed como muchos de los aciertos y errores que he enfrentado para lograr mis objetivos. En este escrito te comparto situaciones muy \u00edntimas de mi vida que jam\u00e1s hab\u00eda contado, con el \u00fanico fin de que nos ayuden a todos a mejorar.<\/p>\n<p><b>En\u00a0<\/b><i><b>\u00a1Sin Pretextos! Cambia el pero por el puedo<\/b><\/i><b>, te invito -con una lectura fresca, documentada, sincera y al mismo tiempo muy profunda-, a que vayas por m\u00e1s, te empoderes, mejores tu autoestima -de forma permanente-, ubiques tus cualidades para que conozcas los alcances que realmente tienes y, especialmente, para que descubras que puedes ser muy feliz con lo que cuentas y con la persona que eres.<\/b><\/p>\n","protected":false},"excerpt":{"rendered":"<p>Yordi Rosado<\/p>\n","protected":false},"featured_media":3198,"template":"","meta":{"_joinchat":[]},"product_brand":[],"product_cat":[58,41,51],"product_tag":[34],"class_list":{"0":"post-3197","1":"product","2":"type-product","3":"status-publish","4":"has-post-thumbnail","6":"product_cat-desarrollo-humano-y-superacion","7":"product_cat-desarrollo-humano","8":"product_cat-oferta","9":"product_tag-penguin-random-house","11":"first","12":"outofstock","13":"shipping-taxable","14":"purchasable","15":"product-type-simple"},"_links":{"self":[{"href":"https:\/\/libreriahistoriasdebolsillo.com\/index.php\/wp-json\/wp\/v2\/product\/3197","targetHints":{"allow":["GET"]}}],"collection":[{"href":"https:\/\/libreriahistoriasdebolsillo.com\/index.php\/wp-json\/wp\/v2\/product"}],"about":[{"href":"https:\/\/libreriahistoriasdebolsillo.com\/index.php\/wp-json\/wp\/v2\/types\/product"}],"wp:featuredmedia":[{"embeddable":true,"href":"https:\/\/libreriahistoriasdebolsillo.com\/index.php\/wp-json\/wp\/v2\/media\/3198"}],"wp:attachment":[{"href":"https:\/\/libreriahistoriasdebolsillo.com\/index.php\/wp-json\/wp\/v2\/media?parent=3197"}],"wp:term":[{"taxonomy":"product_brand","embeddable":true,"href":"https:\/\/libreriahistoriasdebolsillo.com\/index.php\/wp-json\/wp\/v2\/product_brand?post=3197"},{"taxonomy":"product_cat","embeddable":true,"href":"https:\/\/libreriahistoriasdebolsillo.com\/index.php\/wp-json\/wp\/v2\/product_cat?post=3197"},{"taxonomy":"product_tag","embeddable":true,"href":"https:\/\/libreriahistoriasdebolsillo.com\/index.php\/wp-json\/wp\/v2\/product_tag?post=3197"}],"curies":[{"name":"wp","href":"https:\/\/api.w.org\/{rel}","templated":true}]}}