{"id":3208,"date":"2024-01-11T11:16:02","date_gmt":"2024-01-11T17:16:02","guid":{"rendered":"https:\/\/libreriahistoriasdebolsillo.com\/?post_type=product&#038;p=3208"},"modified":"2024-03-27T16:33:02","modified_gmt":"2024-03-27T22:33:02","slug":"cita-a-ciegas-con-un-libro-26","status":"publish","type":"product","link":"https:\/\/libreriahistoriasdebolsillo.com\/index.php\/producto\/cita-a-ciegas-con-un-libro-26\/","title":{"rendered":"Cita a ciegas con un libro 26"},"content":{"rendered":"<ul>\n<li>Recopilaci\u00f3n de historias cortas de fantas\u00eda, terror y ciencia ficci\u00f3n.<\/li>\n<li>En estos cuentos habitan dragones, creaturas fant\u00e1sticas y cuadros que cobran vida.<\/li>\n<li>Autor de una famosa serie sobre un trono.<\/li>\n<\/ul>\n","protected":false},"excerpt":{"rendered":"<p>Recopilaci\u00f3n de historias cortas de fantas\u00eda, terror y ciencia ficci\u00f3n. En estos cuentos habitan dragones, creaturas fant\u00e1sticas y cuadros que cobran vida. Autor de una famosa serie sobre un trono.<\/p>\n","protected":false},"featured_media":3209,"template":"","meta":{"_joinchat":[]},"product_brand":[],"product_cat":[44,51],"product_tag":[],"class_list":{"0":"post-3208","1":"product","2":"type-product","3":"status-publish","4":"has-post-thumbnail","6":"product_cat-cita-a-ciegas-con-un-libro","7":"product_cat-oferta","9":"first","10":"outofstock","11":"shipping-taxable","12":"purchasable","13":"product-type-simple"},"_links":{"self":[{"href":"https:\/\/libreriahistoriasdebolsillo.com\/index.php\/wp-json\/wp\/v2\/product\/3208","targetHints":{"allow":["GET"]}}],"collection":[{"href":"https:\/\/libreriahistoriasdebolsillo.com\/index.php\/wp-json\/wp\/v2\/product"}],"about":[{"href":"https:\/\/libreriahistoriasdebolsillo.com\/index.php\/wp-json\/wp\/v2\/types\/product"}],"wp:featuredmedia":[{"embeddable":true,"href":"https:\/\/libreriahistoriasdebolsillo.com\/index.php\/wp-json\/wp\/v2\/media\/3209"}],"wp:attachment":[{"href":"https:\/\/libreriahistoriasdebolsillo.com\/index.php\/wp-json\/wp\/v2\/media?parent=3208"}],"wp:term":[{"taxonomy":"product_brand","embeddable":true,"href":"https:\/\/libreriahistoriasdebolsillo.com\/index.php\/wp-json\/wp\/v2\/product_brand?post=3208"},{"taxonomy":"product_cat","embeddable":true,"href":"https:\/\/libreriahistoriasdebolsillo.com\/index.php\/wp-json\/wp\/v2\/product_cat?post=3208"},{"taxonomy":"product_tag","embeddable":true,"href":"https:\/\/libreriahistoriasdebolsillo.com\/index.php\/wp-json\/wp\/v2\/product_tag?post=3208"}],"curies":[{"name":"wp","href":"https:\/\/api.w.org\/{rel}","templated":true}]}}