{"id":3226,"date":"2024-01-12T14:48:01","date_gmt":"2024-01-12T20:48:01","guid":{"rendered":"https:\/\/libreriahistoriasdebolsillo.com\/?post_type=product&#038;p=3226"},"modified":"2025-03-27T16:38:40","modified_gmt":"2025-03-27T22:38:40","slug":"los-glacianos-1-el-valle","status":"publish","type":"product","link":"https:\/\/libreriahistoriasdebolsillo.com\/index.php\/producto\/los-glacianos-1-el-valle\/","title":{"rendered":"Los glacianos 1. El valle"},"content":{"rendered":"<p><b>Fantas\u00eda y romance en este primer volumen de una trilog\u00eda que ha sido fen\u00f3meno viral en<\/b>\u00a0<b>TikTok.<\/b><\/p>\n<p>En un lugar conocido como La Cornisa, una civilizaci\u00f3n est\u00e1 atrapada entre un gran abismo y una monta\u00f1a escarpada. No hay forma de que nadie escape del p\u00e1ramo helado sin caer en una trampa mortal. Sus habitantes no saben nada del mundo exterior excepto que es donde residen los glacians, criaturas m\u00edsticas aladas que sobreviven a cambio de un sacrificio humano al a\u00f1o.<\/p>\n<p>Dawsyn Sabar, portadora del hacha y \u00fanico miembro que queda de su familia, hasta ahora ha evitado la matanza anual, pero su suerte ha acabado. Ella ha sido elegida, arrancada de su hogar helado, el \u00fanico mundo que conoce. Nadie sabe qu\u00e9 le suceder\u00e1 al otro lado, y menos a\u00fan Dawsyn. \u00bfSer\u00e1 asesinada? \u00bfEsclavizada? \u00bfO algo peor?<\/p>\n<p>Afortunadamente, los destinos se alinean y Dawsyn logra escapar de sus garras con la ayuda de un h\u00edbrido de glacian y humano llamado Ryon. Juntos, viajan por las laderas, sin saber si la vida al otro lado quiz\u00e1 sea mejor de aquella de la que ella huy\u00f3.<\/p>\n<p><b>Una historia de supervivencia, sacrificio y venganza.<\/b><\/p>\n","protected":false},"excerpt":{"rendered":"<p>Stacey Mcewan<\/p>\n","protected":false},"featured_media":3227,"template":"","meta":{"_joinchat":[]},"product_brand":[],"product_cat":[39,37,76],"product_tag":[34],"class_list":{"0":"post-3226","1":"product","2":"type-product","3":"status-publish","4":"has-post-thumbnail","6":"product_cat-fantasia","7":"product_cat-misterio-y-thriller","8":"product_cat-romantasy","9":"product_tag-penguin-random-house","11":"first","12":"outofstock","13":"shipping-taxable","14":"purchasable","15":"product-type-simple"},"_links":{"self":[{"href":"https:\/\/libreriahistoriasdebolsillo.com\/index.php\/wp-json\/wp\/v2\/product\/3226","targetHints":{"allow":["GET"]}}],"collection":[{"href":"https:\/\/libreriahistoriasdebolsillo.com\/index.php\/wp-json\/wp\/v2\/product"}],"about":[{"href":"https:\/\/libreriahistoriasdebolsillo.com\/index.php\/wp-json\/wp\/v2\/types\/product"}],"wp:featuredmedia":[{"embeddable":true,"href":"https:\/\/libreriahistoriasdebolsillo.com\/index.php\/wp-json\/wp\/v2\/media\/3227"}],"wp:attachment":[{"href":"https:\/\/libreriahistoriasdebolsillo.com\/index.php\/wp-json\/wp\/v2\/media?parent=3226"}],"wp:term":[{"taxonomy":"product_brand","embeddable":true,"href":"https:\/\/libreriahistoriasdebolsillo.com\/index.php\/wp-json\/wp\/v2\/product_brand?post=3226"},{"taxonomy":"product_cat","embeddable":true,"href":"https:\/\/libreriahistoriasdebolsillo.com\/index.php\/wp-json\/wp\/v2\/product_cat?post=3226"},{"taxonomy":"product_tag","embeddable":true,"href":"https:\/\/libreriahistoriasdebolsillo.com\/index.php\/wp-json\/wp\/v2\/product_tag?post=3226"}],"curies":[{"name":"wp","href":"https:\/\/api.w.org\/{rel}","templated":true}]}}