{"id":3228,"date":"2024-01-12T14:50:29","date_gmt":"2024-01-12T20:50:29","guid":{"rendered":"https:\/\/libreriahistoriasdebolsillo.com\/?post_type=product&#038;p=3228"},"modified":"2025-03-27T16:38:50","modified_gmt":"2025-03-27T22:38:50","slug":"cronicas-de-la-medianoche-2-magia-de-sangre","status":"publish","type":"product","link":"https:\/\/libreriahistoriasdebolsillo.com\/index.php\/producto\/cronicas-de-la-medianoche-2-magia-de-sangre\/","title":{"rendered":"Cr\u00f3nicas de la medianoche 2. Magia de sangre"},"content":{"rendered":"<p><i>Pensaban que nada les separar\u00eda&#8230;<\/i><br \/>\nPero algunas decisiones son imperdonables.<\/p>\n<p>Desde que Cain, de 19 a\u00f1os, complet\u00f3 su entrenamiento como Cazadora de sangre, su trabajo ha sido proteger a la gente de Edimburgo de los vampiros y otras criaturas oscuras.<\/p>\n<p>Cain se toma su trabajo en serio, trabaja meticulosamente y sigue las reglas impuestas. Cain y Wardencasi no pueden imaginar que, hace tan solo unos a\u00f1os, eran compa\u00f1eros de lucha y que confiaban a ojos ciegos el uno en el otro.<\/p>\n<p>Actualmente, las diferencias entre ambos Cazadores son tan grandes como pesado el dolor tras haberse herido el uno al otro. Ahora, Cain y Warden se ven repentinamente obligados a trabajar juntos, un hecho que a Cain no le entusiasma mucho al principio. Sin embargo, cuanto m\u00e1s tiempo pasa con Warden, mejor llega a comprenderlo. Y mientras luchen juntos por la vida o la muerte, deber\u00e1n resolver si para ellos tambi\u00e9n hay una segunda oportunidad.<\/p>\n<p><b>Sum\u00e9rgete en las<\/b>\u00a0<b>\u00ab<\/b><b>Cr\u00f3nicas de la Medianoche<\/b><b>\u00bb<\/b><b>\u00a0de Laura Kneidl y Bianca Iosivoni y d\u00e9jate llevar a trav\u00e9s de un mundo que re\u00fane a un grupo de j\u00f3venes cazadores para emprender la lucha contra el mal y al hacerlo se juegan no solo la vida sino tambi\u00e9n sus corazones.<\/b><\/p>\n","protected":false},"excerpt":{"rendered":"<p>Laura Kneidl y Bianca Iosivoni<\/p>\n","protected":false},"featured_media":3229,"template":"","meta":{"_joinchat":[]},"product_brand":[],"product_cat":[76],"product_tag":[34],"class_list":{"0":"post-3228","1":"product","2":"type-product","3":"status-publish","4":"has-post-thumbnail","6":"product_cat-romantasy","7":"product_tag-penguin-random-house","9":"first","10":"outofstock","11":"shipping-taxable","12":"purchasable","13":"product-type-simple"},"_links":{"self":[{"href":"https:\/\/libreriahistoriasdebolsillo.com\/index.php\/wp-json\/wp\/v2\/product\/3228","targetHints":{"allow":["GET"]}}],"collection":[{"href":"https:\/\/libreriahistoriasdebolsillo.com\/index.php\/wp-json\/wp\/v2\/product"}],"about":[{"href":"https:\/\/libreriahistoriasdebolsillo.com\/index.php\/wp-json\/wp\/v2\/types\/product"}],"wp:featuredmedia":[{"embeddable":true,"href":"https:\/\/libreriahistoriasdebolsillo.com\/index.php\/wp-json\/wp\/v2\/media\/3229"}],"wp:attachment":[{"href":"https:\/\/libreriahistoriasdebolsillo.com\/index.php\/wp-json\/wp\/v2\/media?parent=3228"}],"wp:term":[{"taxonomy":"product_brand","embeddable":true,"href":"https:\/\/libreriahistoriasdebolsillo.com\/index.php\/wp-json\/wp\/v2\/product_brand?post=3228"},{"taxonomy":"product_cat","embeddable":true,"href":"https:\/\/libreriahistoriasdebolsillo.com\/index.php\/wp-json\/wp\/v2\/product_cat?post=3228"},{"taxonomy":"product_tag","embeddable":true,"href":"https:\/\/libreriahistoriasdebolsillo.com\/index.php\/wp-json\/wp\/v2\/product_tag?post=3228"}],"curies":[{"name":"wp","href":"https:\/\/api.w.org\/{rel}","templated":true}]}}