{"id":3232,"date":"2024-01-12T14:57:17","date_gmt":"2024-01-12T20:57:17","guid":{"rendered":"https:\/\/libreriahistoriasdebolsillo.com\/?post_type=product&#038;p=3232"},"modified":"2024-04-04T18:38:58","modified_gmt":"2024-04-05T00:38:58","slug":"trilogia-luna-2-luna-de-lobos","status":"publish","type":"product","link":"https:\/\/libreriahistoriasdebolsillo.com\/index.php\/producto\/trilogia-luna-2-luna-de-lobos\/","title":{"rendered":"Trilog\u00eda luna 2. Luna de lobos"},"content":{"rendered":"<p><b>Una nueva forma de vivir, mil formas de morir. <\/b><b>Segunda entrega de la trilog\u00eda de ciencia ficci\u00f3n \u00abLuna\u00bb.<\/b><\/p>\n<p>Corta H\u00e9lio, una de las<b>\u00a0cinco corporaciones familiares<\/b>\u00a0que gobiernan la Luna, ha ca\u00eddo. Sus riquezas se reparten entre sus innumerables enemigos, y sus supervivientes est\u00e1n dispersos. Han pasado dieciocho meses.<\/p>\n<p>Lucasinho y Luna, los j\u00f3venes Corta, se encuentran bajo la protecci\u00f3n de los poderosos Asamoah, mientras que Robson, a\u00fan conmocionado tras presenciar la muerte violenta de sus padres, es ahora pupilo, pr\u00e1cticamente un reh\u00e9n, de Mackenzie Metals. Y el\u00a0<b>\u00faltimo heredero<\/b>, Lucas, ha desaparecido de la faz de la Luna.<\/p>\n<p>Solo Sun nui shi, la matriarca de Taiyang, sospecha que Lucas Corta no ha muerto y, lo m\u00e1s importante, que sigue desempe\u00f1ando un importante papel. A fin de cuentas, siempre se le han dado bien las\u00a0<b>maquinaciones<\/b>, e incluso desde la muerte est\u00e1 dispuesto a todo con tal de recuperar lo perdido y reconstruir Corta H\u00e9lio con m\u00e1s poder que antes. Pero Corta H\u00e9lio\u00a0<b>necesita aliados\u00a0<\/b>y, para buscarlos, el hijo fugitivo emprende un viaje audaz e imposible a&#8230; la Tierra.<\/p>\n","protected":false},"excerpt":{"rendered":"<p>Ian Mcdonald<\/p>\n","protected":false},"featured_media":3233,"template":"","meta":{"_joinchat":[]},"product_brand":[],"product_cat":[40,51],"product_tag":[34],"class_list":{"0":"post-3232","1":"product","2":"type-product","3":"status-publish","4":"has-post-thumbnail","6":"product_cat-ciencia-ficcion","7":"product_cat-oferta","8":"product_tag-penguin-random-house","10":"first","11":"outofstock","12":"shipping-taxable","13":"purchasable","14":"product-type-simple"},"_links":{"self":[{"href":"https:\/\/libreriahistoriasdebolsillo.com\/index.php\/wp-json\/wp\/v2\/product\/3232","targetHints":{"allow":["GET"]}}],"collection":[{"href":"https:\/\/libreriahistoriasdebolsillo.com\/index.php\/wp-json\/wp\/v2\/product"}],"about":[{"href":"https:\/\/libreriahistoriasdebolsillo.com\/index.php\/wp-json\/wp\/v2\/types\/product"}],"wp:featuredmedia":[{"embeddable":true,"href":"https:\/\/libreriahistoriasdebolsillo.com\/index.php\/wp-json\/wp\/v2\/media\/3233"}],"wp:attachment":[{"href":"https:\/\/libreriahistoriasdebolsillo.com\/index.php\/wp-json\/wp\/v2\/media?parent=3232"}],"wp:term":[{"taxonomy":"product_brand","embeddable":true,"href":"https:\/\/libreriahistoriasdebolsillo.com\/index.php\/wp-json\/wp\/v2\/product_brand?post=3232"},{"taxonomy":"product_cat","embeddable":true,"href":"https:\/\/libreriahistoriasdebolsillo.com\/index.php\/wp-json\/wp\/v2\/product_cat?post=3232"},{"taxonomy":"product_tag","embeddable":true,"href":"https:\/\/libreriahistoriasdebolsillo.com\/index.php\/wp-json\/wp\/v2\/product_tag?post=3232"}],"curies":[{"name":"wp","href":"https:\/\/api.w.org\/{rel}","templated":true}]}}