{"id":3234,"date":"2024-01-12T14:58:53","date_gmt":"2024-01-12T20:58:53","guid":{"rendered":"https:\/\/libreriahistoriasdebolsillo.com\/?post_type=product&#038;p=3234"},"modified":"2024-04-04T18:38:53","modified_gmt":"2024-04-05T00:38:53","slug":"trilogia-luna-1-luna-nueva","status":"publish","type":"product","link":"https:\/\/libreriahistoriasdebolsillo.com\/index.php\/producto\/trilogia-luna-1-luna-nueva\/","title":{"rendered":"Trilog\u00eda luna 1. Luna nueva"},"content":{"rendered":"<p>Una nueva forma de vivir, mil formas de morir. Primera entrega de la trilog\u00eda de ciencia ficci\u00f3n \u00abLuna\u00bb<\/p>\n<p>La g\u00e9lida acritud del vac\u00edo. La letal lluvia radiactiva. El polvo que la recubre, tan viejo como la Tierra. La creciente debilidad de los huesos&#8230; O puedes quedarte sin dinero para agua. O para aire. O puedes caer en desgracia con uno de los Cinco Dragones, las corporaciones que dirigen laLuna y controlan sus amplios recursos. Pero te quedas, porque la Luna puede hacerte m\u00e1s rico de lo que eres capaz de imaginar&#8230;, mientras sigas con vida. Adriana Corta tiene ochenta a\u00f1os. Su familia dirige Corta H\u00e9lio. Han sobrevivido a las implacables guerras corporativas y a la peligrosa paz subsiguiente. Pero ahora esa paz se resquebraja. Es probable que Adriana tenga que morir, aunque no la matar\u00e1n sus rivales ni la Luna&#8230; LA LUNA QUIERE MATARTE. Y TIENE MIL FORMAS DE CONSEGUIRLO. JUEGO DE TRONOS EN LA LUNA. LA GRAN APUESTA DE LA CBS, POR UNO DE LOS MEJORES AUTORES DE CIENCIA FICCI\u00d3N DEL MUNDO. FINALISTA DEL PREMIO BSFA 2015 A LA MEJOR NOVELA. \u00abLa mejor novela lunar que he le\u00eddo en muchos a\u00f1os.\u00bb Locus Magazine \u00abPreveo abundantes nominaciones para este libro. Recomendado.\u00bb SFF World \u00abUno de los mejores escritores de ciencia ficci\u00f3n del mundo.\u00bb Kim Stanley Robinson \u00abAtentos a este libro en las nominaciones de premios del pr\u00f3ximo a\u00f1o.\u00bb Publishers Weekly<\/p>\n","protected":false},"excerpt":{"rendered":"<p>Ian Mcdonald<\/p>\n","protected":false},"featured_media":3235,"template":"","meta":{"_joinchat":[]},"product_brand":[],"product_cat":[40,51],"product_tag":[34],"class_list":{"0":"post-3234","1":"product","2":"type-product","3":"status-publish","4":"has-post-thumbnail","6":"product_cat-ciencia-ficcion","7":"product_cat-oferta","8":"product_tag-penguin-random-house","10":"first","11":"outofstock","12":"shipping-taxable","13":"purchasable","14":"product-type-simple"},"_links":{"self":[{"href":"https:\/\/libreriahistoriasdebolsillo.com\/index.php\/wp-json\/wp\/v2\/product\/3234","targetHints":{"allow":["GET"]}}],"collection":[{"href":"https:\/\/libreriahistoriasdebolsillo.com\/index.php\/wp-json\/wp\/v2\/product"}],"about":[{"href":"https:\/\/libreriahistoriasdebolsillo.com\/index.php\/wp-json\/wp\/v2\/types\/product"}],"wp:featuredmedia":[{"embeddable":true,"href":"https:\/\/libreriahistoriasdebolsillo.com\/index.php\/wp-json\/wp\/v2\/media\/3235"}],"wp:attachment":[{"href":"https:\/\/libreriahistoriasdebolsillo.com\/index.php\/wp-json\/wp\/v2\/media?parent=3234"}],"wp:term":[{"taxonomy":"product_brand","embeddable":true,"href":"https:\/\/libreriahistoriasdebolsillo.com\/index.php\/wp-json\/wp\/v2\/product_brand?post=3234"},{"taxonomy":"product_cat","embeddable":true,"href":"https:\/\/libreriahistoriasdebolsillo.com\/index.php\/wp-json\/wp\/v2\/product_cat?post=3234"},{"taxonomy":"product_tag","embeddable":true,"href":"https:\/\/libreriahistoriasdebolsillo.com\/index.php\/wp-json\/wp\/v2\/product_tag?post=3234"}],"curies":[{"name":"wp","href":"https:\/\/api.w.org\/{rel}","templated":true}]}}