{"id":3241,"date":"2024-01-12T15:05:59","date_gmt":"2024-01-12T21:05:59","guid":{"rendered":"https:\/\/libreriahistoriasdebolsillo.com\/?post_type=product&#038;p=3241"},"modified":"2025-03-27T16:38:56","modified_gmt":"2025-03-27T22:38:56","slug":"sabiduria-secreta-pasta-dura","status":"publish","type":"product","link":"https:\/\/libreriahistoriasdebolsillo.com\/index.php\/producto\/sabiduria-secreta-pasta-dura\/","title":{"rendered":"Sabidur\u00eda secreta (pasta dura)"},"content":{"rendered":"<p>A lo largo de nuestra historia, unos pocos elegidos han tratado de adquirir un conocimiento profundo de otros mundos y dimensiones diferentes. La Sabidur\u00eda Secreta es una emocionante exploraci\u00f3n de las ideas de los iniciados en este reino m\u00e1gico del conocimiento oculto. En este viaje en lo arcano, descubrir\u00e1s: El prop\u00f3sito de la humanidad seg\u00fan lo revelado por los fil\u00f3sofos griegos. Las sofisticadas t\u00e9cnicas de alquimia, astrolog\u00eda y magia practicada por los persas. El papel del erudito m\u00edstico Marsilio Ficino en la formaci\u00f3n el Renacimiento. C\u00f3mo la magia aprendida aliment\u00f3 las teor\u00edas de cient\u00edficos e inventores famosos, incluido Pit\u00e1goras, Paracelso, Galileo, Cop\u00e9rnico y Newton. La expresi\u00f3n de los \u00abMisterios\u00bb a trav\u00e9s del arte y la literatura, desde Shakespeare y Dante pasando por Milton y Blake a Yeats y Kandinsky. La verdadera inspiraci\u00f3n para las sociedades ocultas como los Masones, Rosacruces y Te\u00f3sofos.<\/p>\n","protected":false},"excerpt":{"rendered":"<p>A lo largo de nuestra historia, unos pocos elegidos han tratado de adquirir un conocimiento profundo de otros mundos y dimensiones diferentes. La Sabidur\u00eda Secreta es una emocionante exploraci\u00f3n de las ideas de los iniciados en este reino m\u00e1gico del conocimiento oculto. En este viaje en lo arcano, descubrir\u00e1s: El prop\u00f3sito de la humanidad seg\u00fan [&hellip;]<\/p>\n","protected":false},"featured_media":3242,"template":"","meta":{"_joinchat":[]},"product_brand":[],"product_cat":[42,51],"product_tag":[47],"class_list":{"0":"post-3241","1":"product","2":"type-product","3":"status-publish","4":"has-post-thumbnail","6":"product_cat-literatura-clasica","7":"product_cat-oferta","8":"product_tag-editories-mexicanos-unidos","10":"first","11":"outofstock","12":"shipping-taxable","13":"purchasable","14":"product-type-simple"},"_links":{"self":[{"href":"https:\/\/libreriahistoriasdebolsillo.com\/index.php\/wp-json\/wp\/v2\/product\/3241","targetHints":{"allow":["GET"]}}],"collection":[{"href":"https:\/\/libreriahistoriasdebolsillo.com\/index.php\/wp-json\/wp\/v2\/product"}],"about":[{"href":"https:\/\/libreriahistoriasdebolsillo.com\/index.php\/wp-json\/wp\/v2\/types\/product"}],"wp:featuredmedia":[{"embeddable":true,"href":"https:\/\/libreriahistoriasdebolsillo.com\/index.php\/wp-json\/wp\/v2\/media\/3242"}],"wp:attachment":[{"href":"https:\/\/libreriahistoriasdebolsillo.com\/index.php\/wp-json\/wp\/v2\/media?parent=3241"}],"wp:term":[{"taxonomy":"product_brand","embeddable":true,"href":"https:\/\/libreriahistoriasdebolsillo.com\/index.php\/wp-json\/wp\/v2\/product_brand?post=3241"},{"taxonomy":"product_cat","embeddable":true,"href":"https:\/\/libreriahistoriasdebolsillo.com\/index.php\/wp-json\/wp\/v2\/product_cat?post=3241"},{"taxonomy":"product_tag","embeddable":true,"href":"https:\/\/libreriahistoriasdebolsillo.com\/index.php\/wp-json\/wp\/v2\/product_tag?post=3241"}],"curies":[{"name":"wp","href":"https:\/\/api.w.org\/{rel}","templated":true}]}}