{"id":3243,"date":"2024-01-12T15:08:55","date_gmt":"2024-01-12T21:08:55","guid":{"rendered":"https:\/\/libreriahistoriasdebolsillo.com\/?post_type=product&#038;p=3243"},"modified":"2025-03-27T16:39:02","modified_gmt":"2025-03-27T22:39:02","slug":"leonardo-da-vinci-y-los-profetas-del-renacimiento-pasta-dura","status":"publish","type":"product","link":"https:\/\/libreriahistoriasdebolsillo.com\/index.php\/producto\/leonardo-da-vinci-y-los-profetas-del-renacimiento-pasta-dura\/","title":{"rendered":"Leonardo Da Vinci y los profetas del renacimiento (Pasta dura)"},"content":{"rendered":"<p>Leonardo Da Vinci y los profetas del Renacimiento, publicada en 1919, quiso ser una continuaci\u00f3n de Los Grandes Iniciados, la obra maestra de \u00c9douard Schur\u00e9, pero pronto tuvo una identidad propia: un magistral paseo a trav\u00e9s de una Italia m\u00e1gica vista por cinco grandes maestros: Leonardo (&lt;\u00abel Rey Mago\u00bb), Rafael, Miguel Angel, Antonio Allegri, llamado el Corregio, y Dante, cuya Beatriz es el ep\u00edtome del eterno femenino.<\/p>\n<p>La visi\u00f3n de sus pinturas y escritos revelan las ideas matrices que dominaron el Renacimiento: la ley de la metamorfosis, el misterio del eterno femenino y la jerarqu\u00eda de los tres mundos.<\/p>\n","protected":false},"excerpt":{"rendered":"<p>Edouard Schur\u00e9<\/p>\n","protected":false},"featured_media":3244,"template":"","meta":{"_joinchat":[]},"product_brand":[],"product_cat":[42,51],"product_tag":[47],"class_list":{"0":"post-3243","1":"product","2":"type-product","3":"status-publish","4":"has-post-thumbnail","6":"product_cat-literatura-clasica","7":"product_cat-oferta","8":"product_tag-editories-mexicanos-unidos","10":"first","11":"outofstock","12":"sale","13":"shipping-taxable","14":"purchasable","15":"product-type-simple"},"_links":{"self":[{"href":"https:\/\/libreriahistoriasdebolsillo.com\/index.php\/wp-json\/wp\/v2\/product\/3243","targetHints":{"allow":["GET"]}}],"collection":[{"href":"https:\/\/libreriahistoriasdebolsillo.com\/index.php\/wp-json\/wp\/v2\/product"}],"about":[{"href":"https:\/\/libreriahistoriasdebolsillo.com\/index.php\/wp-json\/wp\/v2\/types\/product"}],"wp:featuredmedia":[{"embeddable":true,"href":"https:\/\/libreriahistoriasdebolsillo.com\/index.php\/wp-json\/wp\/v2\/media\/3244"}],"wp:attachment":[{"href":"https:\/\/libreriahistoriasdebolsillo.com\/index.php\/wp-json\/wp\/v2\/media?parent=3243"}],"wp:term":[{"taxonomy":"product_brand","embeddable":true,"href":"https:\/\/libreriahistoriasdebolsillo.com\/index.php\/wp-json\/wp\/v2\/product_brand?post=3243"},{"taxonomy":"product_cat","embeddable":true,"href":"https:\/\/libreriahistoriasdebolsillo.com\/index.php\/wp-json\/wp\/v2\/product_cat?post=3243"},{"taxonomy":"product_tag","embeddable":true,"href":"https:\/\/libreriahistoriasdebolsillo.com\/index.php\/wp-json\/wp\/v2\/product_tag?post=3243"}],"curies":[{"name":"wp","href":"https:\/\/api.w.org\/{rel}","templated":true}]}}