{"id":3245,"date":"2024-01-12T15:11:15","date_gmt":"2024-01-12T21:11:15","guid":{"rendered":"https:\/\/libreriahistoriasdebolsillo.com\/?post_type=product&#038;p=3245"},"modified":"2025-03-27T16:39:07","modified_gmt":"2025-03-27T22:39:07","slug":"doctrinas-hermeticas-pasta-dura","status":"publish","type":"product","link":"https:\/\/libreriahistoriasdebolsillo.com\/index.php\/producto\/doctrinas-hermeticas-pasta-dura\/","title":{"rendered":"Doctrinas Herm\u00e9ticas (Pasta dura)"},"content":{"rendered":"<p>Nos causa gran placer presentar esta investigaci\u00f3n a la consideraci\u00f3n de los estudiosos de las doctrinas secretas, obra que est\u00e1 fundamentada en antiqu\u00edsimos conocimientos herm\u00e9ticos. Se ha escrito tan poco sobre este tema, a pesar del sinf\u00edn de referencias que hay de estas ense\u00f1anzas en muchos de los trabajos de ocultismo, los buscadores de las verdades secretas habr\u00e1n previsto la aparici\u00f3n de este libro. El prop\u00f3sito de este estudio no es la exposici\u00f3n de una filosof\u00eda o doctrina en particular, sino dar al buscador una interpretaci\u00f3n de la verdad que le sirva para armonizar los principios de los conocimientos ocultos que puede ya haber obtenido, pero que aparentemente se contradicen y son parad\u00f3jicos. Por primera vez juntos todos los textos de Hermes Trismegisto, compilados en un solo libro para entender y acaso para coleccionar toda su obra y su pensamiento.<\/p>\n","protected":false},"excerpt":{"rendered":"<p>Hermes Trismegisto<\/p>\n","protected":false},"featured_media":3246,"template":"","meta":{"_joinchat":[]},"product_brand":[],"product_cat":[42,51],"product_tag":[47],"class_list":{"0":"post-3245","1":"product","2":"type-product","3":"status-publish","4":"has-post-thumbnail","6":"product_cat-literatura-clasica","7":"product_cat-oferta","8":"product_tag-editories-mexicanos-unidos","10":"first","11":"outofstock","12":"sale","13":"shipping-taxable","14":"purchasable","15":"product-type-simple"},"_links":{"self":[{"href":"https:\/\/libreriahistoriasdebolsillo.com\/index.php\/wp-json\/wp\/v2\/product\/3245","targetHints":{"allow":["GET"]}}],"collection":[{"href":"https:\/\/libreriahistoriasdebolsillo.com\/index.php\/wp-json\/wp\/v2\/product"}],"about":[{"href":"https:\/\/libreriahistoriasdebolsillo.com\/index.php\/wp-json\/wp\/v2\/types\/product"}],"wp:featuredmedia":[{"embeddable":true,"href":"https:\/\/libreriahistoriasdebolsillo.com\/index.php\/wp-json\/wp\/v2\/media\/3246"}],"wp:attachment":[{"href":"https:\/\/libreriahistoriasdebolsillo.com\/index.php\/wp-json\/wp\/v2\/media?parent=3245"}],"wp:term":[{"taxonomy":"product_brand","embeddable":true,"href":"https:\/\/libreriahistoriasdebolsillo.com\/index.php\/wp-json\/wp\/v2\/product_brand?post=3245"},{"taxonomy":"product_cat","embeddable":true,"href":"https:\/\/libreriahistoriasdebolsillo.com\/index.php\/wp-json\/wp\/v2\/product_cat?post=3245"},{"taxonomy":"product_tag","embeddable":true,"href":"https:\/\/libreriahistoriasdebolsillo.com\/index.php\/wp-json\/wp\/v2\/product_tag?post=3245"}],"curies":[{"name":"wp","href":"https:\/\/api.w.org\/{rel}","templated":true}]}}