{"id":3255,"date":"2024-01-12T15:25:23","date_gmt":"2024-01-12T21:25:23","guid":{"rendered":"https:\/\/libreriahistoriasdebolsillo.com\/?post_type=product&#038;p=3255"},"modified":"2025-04-26T15:53:17","modified_gmt":"2025-04-26T21:53:17","slug":"la-quimica-del-amor","status":"publish","type":"product","link":"https:\/\/libreriahistoriasdebolsillo.com\/index.php\/producto\/la-quimica-del-amor\/","title":{"rendered":"La qu\u00edmica del amor"},"content":{"rendered":"<p>Una nueva comedia rom\u00e1ntica situada en la NASA en la que una cient\u00edfica se ve obligada a trabajar en un proyecto junto a su archienemigo&#8230; con resultados explosivos. Bee K\u00f6nigswasser se rige siempre por un c\u00f3digo muy sencillo: \u00bfqu\u00e9 har\u00eda Marie Curie? Si la NASA le ofreciera liderar un proyecto de neuroingenier\u00eda, un sue\u00f1o hecho realidad despu\u00e9s de pasarse a\u00f1os malviviendo con las migajas del mundo acad\u00e9mico, Marie aceptar\u00eda sin dudarlo. Obvio. Pero la madre de la f\u00edsica moderna nunca tuvo que codirigir ning\u00fan proyecto con Levi Ward. A ver, Levi no est\u00e1 nada mal: es alto, moreno y tiene una mirada de lo m\u00e1s penetrante. Pero Levi dej\u00f3 muy claros sus sentimientos por Bee en la universidad: es mejor que dos enemigos trabajen cada uno en su propia galaxia muy muy lejana.De pronto, Bee se encuentra con que su material ha desaparecido, el personal pasa de ella y su maltrecha carrera profesional pende de un hilo. Puede que su l\u00f3bulo occipital est\u00e9 jug\u00e1ndole una mala pasada, pero jurar\u00eda que Levi empieza a convertirse en su aliado, apoyando sus decisiones, secundando sus ideas&#8230; devor\u00e1ndola con esa mirada suya. Y las diferentes posibilidades traen a sus neuronas de cabeza.Sin embargo, cuando llega el momento de jug\u00e1rsela y arriesgar el coraz\u00f3n, solo hay una pregunta que importe: \u00bfQu\u00e9 har\u00e1 Bee K\u00f6nigswasser?<\/p>\n","protected":false},"excerpt":{"rendered":"<p>Ali Hazelwood<\/p>\n","protected":false},"featured_media":3256,"template":"","meta":{"_joinchat":[]},"product_brand":[],"product_cat":[35],"product_tag":[73],"class_list":{"0":"post-3255","1":"product","2":"type-product","3":"status-publish","4":"has-post-thumbnail","6":"product_cat-romantica","7":"product_tag-contraluz","9":"first","10":"outofstock","11":"shipping-taxable","12":"purchasable","13":"product-type-simple"},"_links":{"self":[{"href":"https:\/\/libreriahistoriasdebolsillo.com\/index.php\/wp-json\/wp\/v2\/product\/3255","targetHints":{"allow":["GET"]}}],"collection":[{"href":"https:\/\/libreriahistoriasdebolsillo.com\/index.php\/wp-json\/wp\/v2\/product"}],"about":[{"href":"https:\/\/libreriahistoriasdebolsillo.com\/index.php\/wp-json\/wp\/v2\/types\/product"}],"wp:featuredmedia":[{"embeddable":true,"href":"https:\/\/libreriahistoriasdebolsillo.com\/index.php\/wp-json\/wp\/v2\/media\/3256"}],"wp:attachment":[{"href":"https:\/\/libreriahistoriasdebolsillo.com\/index.php\/wp-json\/wp\/v2\/media?parent=3255"}],"wp:term":[{"taxonomy":"product_brand","embeddable":true,"href":"https:\/\/libreriahistoriasdebolsillo.com\/index.php\/wp-json\/wp\/v2\/product_brand?post=3255"},{"taxonomy":"product_cat","embeddable":true,"href":"https:\/\/libreriahistoriasdebolsillo.com\/index.php\/wp-json\/wp\/v2\/product_cat?post=3255"},{"taxonomy":"product_tag","embeddable":true,"href":"https:\/\/libreriahistoriasdebolsillo.com\/index.php\/wp-json\/wp\/v2\/product_tag?post=3255"}],"curies":[{"name":"wp","href":"https:\/\/api.w.org\/{rel}","templated":true}]}}