{"id":3257,"date":"2024-01-12T15:26:50","date_gmt":"2024-01-12T21:26:50","guid":{"rendered":"https:\/\/libreriahistoriasdebolsillo.com\/?post_type=product&#038;p=3257"},"modified":"2025-04-04T17:20:32","modified_gmt":"2025-04-04T23:20:32","slug":"la-hipotesis-del-amor","status":"publish","type":"product","link":"https:\/\/libreriahistoriasdebolsillo.com\/index.php\/producto\/la-hipotesis-del-amor\/","title":{"rendered":"La hip\u00f3tesis del amor"},"content":{"rendered":"<p>La comedia rom\u00e1ntica del a\u00f1o. La sensaci\u00f3n de Tik Tok. Una relaci\u00f3n falsa entre dos cient\u00edficos se topa con la irresistible fuerza de la atracci\u00f3n Olive Smith es una doctoranda de tercer a\u00f1o que no cree en las relaciones amorosas duraderas, pero su mejor amiga, Ahn, s\u00ed, y por eso Olive se ha metido en un l\u00edo monumental. A Ahn le gusta el exnovio de Olive, pero jam\u00e1s dar\u00eda el primer paso porque es una buena amiga.Convencerla de que ha pasado p\u00e1gina y de que est\u00e1 construyendo su \u00abfueron felices y comieron perdices\u00bb no va a resultarle nada f\u00e1cil a Olive, puesto que los cient\u00edficos necesitan pruebas. Por eso, como cualquier mujer con un m\u00ednimo de amor propio, se deja llevar por el p\u00e1nico y besa al primer hombre con el que se encuentra para que Ahn la vea. Ese hombre es nada m\u00e1s y nada menos que Adam Carlsen, un joven profesor tan reputado por la calidad de su trabajo como por su imbecilidad. As\u00ed que Olive se queda de piedra cuando Carlsen accede a mantener su farsa en secreto y ser su novio falso. Sin embargo, despu\u00e9s de que un importante congreso cient\u00edfico se convierta en un desastre y Adam vuelva a sorprenderla con su apoyo inquebrantable (y sus inquebrantables abdominales), su peque\u00f1o experimento se acerca peligrosamente al punto de combusti\u00f3n. Olive no tarda en descubrir que la \u00fanica cosa m\u00e1s complicada que una hip\u00f3tesis sobre el amor es analizar su propio coraz\u00f3n bajo el microscopio.<\/p>\n","protected":false},"excerpt":{"rendered":"<p>Ali Hazelwood<\/p>\n","protected":false},"featured_media":3258,"template":"","meta":{"_joinchat":[]},"product_brand":[],"product_cat":[35],"product_tag":[73],"class_list":{"0":"post-3257","1":"product","2":"type-product","3":"status-publish","4":"has-post-thumbnail","6":"product_cat-romantica","7":"product_tag-contraluz","9":"first","10":"outofstock","11":"shipping-taxable","12":"purchasable","13":"product-type-simple"},"_links":{"self":[{"href":"https:\/\/libreriahistoriasdebolsillo.com\/index.php\/wp-json\/wp\/v2\/product\/3257","targetHints":{"allow":["GET"]}}],"collection":[{"href":"https:\/\/libreriahistoriasdebolsillo.com\/index.php\/wp-json\/wp\/v2\/product"}],"about":[{"href":"https:\/\/libreriahistoriasdebolsillo.com\/index.php\/wp-json\/wp\/v2\/types\/product"}],"wp:featuredmedia":[{"embeddable":true,"href":"https:\/\/libreriahistoriasdebolsillo.com\/index.php\/wp-json\/wp\/v2\/media\/3258"}],"wp:attachment":[{"href":"https:\/\/libreriahistoriasdebolsillo.com\/index.php\/wp-json\/wp\/v2\/media?parent=3257"}],"wp:term":[{"taxonomy":"product_brand","embeddable":true,"href":"https:\/\/libreriahistoriasdebolsillo.com\/index.php\/wp-json\/wp\/v2\/product_brand?post=3257"},{"taxonomy":"product_cat","embeddable":true,"href":"https:\/\/libreriahistoriasdebolsillo.com\/index.php\/wp-json\/wp\/v2\/product_cat?post=3257"},{"taxonomy":"product_tag","embeddable":true,"href":"https:\/\/libreriahistoriasdebolsillo.com\/index.php\/wp-json\/wp\/v2\/product_tag?post=3257"}],"curies":[{"name":"wp","href":"https:\/\/api.w.org\/{rel}","templated":true}]}}