{"id":3259,"date":"2024-01-12T15:29:44","date_gmt":"2024-01-12T21:29:44","guid":{"rendered":"https:\/\/libreriahistoriasdebolsillo.com\/?post_type=product&#038;p=3259"},"modified":"2024-07-30T10:14:27","modified_gmt":"2024-07-30T16:14:27","slug":"la-cancion-de-aquiles","status":"publish","type":"product","link":"https:\/\/libreriahistoriasdebolsillo.com\/index.php\/producto\/la-cancion-de-aquiles\/","title":{"rendered":"La canci\u00f3n de Aquiles"},"content":{"rendered":"<p>Grecia en la era de los h\u00e9roes. Patroclo, un pr\u00edncipe joven y torpe, ha sido exiliado al reino de Ft\u00eda, donde vive a la sombra del rey Peleo y su hijo divino, Aquiles.Aquiles, el mejor de los griegos, es todo lo que no es Patroclo: fuerte, apuesto, hijo de una diosa. Un d\u00eda Aquiles toma bajo su protecci\u00f3n al lastimoso pr\u00edncipe y ese v\u00ednculo provisional da paso a una s\u00f3lida amistad mientras ambos se convierten en j\u00f3venes habilidosos en las artes de la guerra.Pero el destino nunca est\u00e1 lejos de los talones de Aquiles. Cuando se extiende la noticia del rapto de Helena de Esparta, se convoca a los hombres de Grecia para asediar la ciudad de Troya. Aquiles, seducido por la promesa de un destino glorioso, se une a la causa, y Patroclo, dividido entre el amor y el miedo por su compa\u00f1ero, lo sigue a la guerra. Poco pod\u00eda imaginar que los a\u00f1os siguientes iban a poner a prueba todo cuanto hab\u00edan aprendido y todo cuanto valoraban profundamente.<\/p>\n","protected":false},"excerpt":{"rendered":"<p>Madeline Miller<\/p>\n","protected":false},"featured_media":3260,"template":"","meta":{"_joinchat":[]},"product_brand":[],"product_cat":[38],"product_tag":[74],"class_list":{"0":"post-3259","1":"product","2":"type-product","3":"status-publish","4":"has-post-thumbnail","6":"product_cat-lgbtq","7":"product_tag-adn","9":"first","10":"outofstock","11":"shipping-taxable","12":"purchasable","13":"product-type-simple"},"_links":{"self":[{"href":"https:\/\/libreriahistoriasdebolsillo.com\/index.php\/wp-json\/wp\/v2\/product\/3259","targetHints":{"allow":["GET"]}}],"collection":[{"href":"https:\/\/libreriahistoriasdebolsillo.com\/index.php\/wp-json\/wp\/v2\/product"}],"about":[{"href":"https:\/\/libreriahistoriasdebolsillo.com\/index.php\/wp-json\/wp\/v2\/types\/product"}],"wp:featuredmedia":[{"embeddable":true,"href":"https:\/\/libreriahistoriasdebolsillo.com\/index.php\/wp-json\/wp\/v2\/media\/3260"}],"wp:attachment":[{"href":"https:\/\/libreriahistoriasdebolsillo.com\/index.php\/wp-json\/wp\/v2\/media?parent=3259"}],"wp:term":[{"taxonomy":"product_brand","embeddable":true,"href":"https:\/\/libreriahistoriasdebolsillo.com\/index.php\/wp-json\/wp\/v2\/product_brand?post=3259"},{"taxonomy":"product_cat","embeddable":true,"href":"https:\/\/libreriahistoriasdebolsillo.com\/index.php\/wp-json\/wp\/v2\/product_cat?post=3259"},{"taxonomy":"product_tag","embeddable":true,"href":"https:\/\/libreriahistoriasdebolsillo.com\/index.php\/wp-json\/wp\/v2\/product_tag?post=3259"}],"curies":[{"name":"wp","href":"https:\/\/api.w.org\/{rel}","templated":true}]}}