{"id":3297,"date":"2024-01-18T19:05:52","date_gmt":"2024-01-19T01:05:52","guid":{"rendered":"https:\/\/libreriahistoriasdebolsillo.com\/?post_type=product&#038;p=3297"},"modified":"2024-02-26T12:21:49","modified_gmt":"2024-02-26T18:21:49","slug":"el-taller-de-munecas","status":"publish","type":"product","link":"https:\/\/libreriahistoriasdebolsillo.com\/index.php\/producto\/el-taller-de-munecas\/","title":{"rendered":"El taller de mu\u00f1ecas"},"content":{"rendered":"<p><b>La embriagadora historia de una joven que aspira a convertirse en artista y del hombre que, obsesionado con ella, amenaza con destruir su mundo para siempre.<\/b><\/p>\n<p>Londres, 1850. La hermosa Iris trabaja, junto a su hermana, como aprendiz en el famoso taller de mu\u00f1ecas de la d\u00e9spota se\u00f1ora Salter, pero su pasi\u00f3n es el arte. Cuando el pintor Louis Frost le pide que pose para \u00e9l como modelo, ante ella se abre un mundo nuevo en el que, quiz\u00e1s, consiga su sue\u00f1o de convertirse tambi\u00e9n en pintora.<\/p>\n<p>Sin embargo, su destino se truncar\u00e1 cuando Silas, un solitario taxidermista y coleccionista de curiosidades morbosas que est\u00e1 en contacto con el mundo art\u00edstico londinense, descubre la existencia de Iris durante la inauguraci\u00f3n de la Gran Exposici\u00f3n Universal de Londres. La obsesi\u00f3n de Silas por Iris ir\u00e1 creciendo y torn\u00e1ndose cada vez m\u00e1s oscura, hasta que solo aspire a convertirle en la pieza estrella de su colecci\u00f3n.<\/p>\n","protected":false},"excerpt":{"rendered":"<p>Elizabeth Macneal<\/p>\n","protected":false},"featured_media":3298,"template":"","meta":{"_joinchat":[]},"product_brand":[],"product_cat":[56,37,51,35],"product_tag":[34],"class_list":{"0":"post-3297","1":"product","2":"type-product","3":"status-publish","4":"has-post-thumbnail","6":"product_cat-historica","7":"product_cat-misterio-y-thriller","8":"product_cat-oferta","9":"product_cat-romantica","10":"product_tag-penguin-random-house","12":"first","13":"outofstock","14":"shipping-taxable","15":"purchasable","16":"product-type-simple"},"_links":{"self":[{"href":"https:\/\/libreriahistoriasdebolsillo.com\/index.php\/wp-json\/wp\/v2\/product\/3297","targetHints":{"allow":["GET"]}}],"collection":[{"href":"https:\/\/libreriahistoriasdebolsillo.com\/index.php\/wp-json\/wp\/v2\/product"}],"about":[{"href":"https:\/\/libreriahistoriasdebolsillo.com\/index.php\/wp-json\/wp\/v2\/types\/product"}],"wp:featuredmedia":[{"embeddable":true,"href":"https:\/\/libreriahistoriasdebolsillo.com\/index.php\/wp-json\/wp\/v2\/media\/3298"}],"wp:attachment":[{"href":"https:\/\/libreriahistoriasdebolsillo.com\/index.php\/wp-json\/wp\/v2\/media?parent=3297"}],"wp:term":[{"taxonomy":"product_brand","embeddable":true,"href":"https:\/\/libreriahistoriasdebolsillo.com\/index.php\/wp-json\/wp\/v2\/product_brand?post=3297"},{"taxonomy":"product_cat","embeddable":true,"href":"https:\/\/libreriahistoriasdebolsillo.com\/index.php\/wp-json\/wp\/v2\/product_cat?post=3297"},{"taxonomy":"product_tag","embeddable":true,"href":"https:\/\/libreriahistoriasdebolsillo.com\/index.php\/wp-json\/wp\/v2\/product_tag?post=3297"}],"curies":[{"name":"wp","href":"https:\/\/api.w.org\/{rel}","templated":true}]}}