{"id":3299,"date":"2024-01-18T19:07:17","date_gmt":"2024-01-19T01:07:17","guid":{"rendered":"https:\/\/libreriahistoriasdebolsillo.com\/?post_type=product&#038;p=3299"},"modified":"2025-05-31T17:18:38","modified_gmt":"2025-05-31T23:18:38","slug":"invisible","status":"publish","type":"product","link":"https:\/\/libreriahistoriasdebolsillo.com\/index.php\/producto\/invisible\/","title":{"rendered":"Invisible"},"content":{"rendered":"<p><b>\u00bfQui\u00e9n no ha deseado alguna vez ser invisible? \u00bfQui\u00e9n no ha deseado alguna vez dejar de serlo?<\/b><\/p>\n<p>\u00abEl problema es que nunca he llegado a controlar bien ese poder: a veces, cuando m\u00e1s ganas ten\u00eda de ser invisible era cuando m\u00e1s gente me ve\u00eda y, en cambio, cuando quer\u00eda que todos me vieran era cuando a mi cuerpo le daba por desaparecer.\u00bb Emotiva, conmovedora, diferente&#8230;<\/p>\n<p><b>Invisible narra, a trav\u00e9s de los ojos de un ni\u00f1o, una historia que podr\u00eda ser la de cualquiera de nosotros.<\/b><\/p>\n","protected":false},"excerpt":{"rendered":"<p>Eloy Moreno<\/p>\n","protected":false},"featured_media":3300,"template":"","meta":{"_joinchat":[]},"product_brand":[],"product_cat":[33],"product_tag":[34],"class_list":{"0":"post-3299","1":"product","2":"type-product","3":"status-publish","4":"has-post-thumbnail","6":"product_cat-ficcion-general","7":"product_tag-penguin-random-house","9":"first","10":"outofstock","11":"shipping-taxable","12":"purchasable","13":"product-type-simple"},"_links":{"self":[{"href":"https:\/\/libreriahistoriasdebolsillo.com\/index.php\/wp-json\/wp\/v2\/product\/3299","targetHints":{"allow":["GET"]}}],"collection":[{"href":"https:\/\/libreriahistoriasdebolsillo.com\/index.php\/wp-json\/wp\/v2\/product"}],"about":[{"href":"https:\/\/libreriahistoriasdebolsillo.com\/index.php\/wp-json\/wp\/v2\/types\/product"}],"wp:featuredmedia":[{"embeddable":true,"href":"https:\/\/libreriahistoriasdebolsillo.com\/index.php\/wp-json\/wp\/v2\/media\/3300"}],"wp:attachment":[{"href":"https:\/\/libreriahistoriasdebolsillo.com\/index.php\/wp-json\/wp\/v2\/media?parent=3299"}],"wp:term":[{"taxonomy":"product_brand","embeddable":true,"href":"https:\/\/libreriahistoriasdebolsillo.com\/index.php\/wp-json\/wp\/v2\/product_brand?post=3299"},{"taxonomy":"product_cat","embeddable":true,"href":"https:\/\/libreriahistoriasdebolsillo.com\/index.php\/wp-json\/wp\/v2\/product_cat?post=3299"},{"taxonomy":"product_tag","embeddable":true,"href":"https:\/\/libreriahistoriasdebolsillo.com\/index.php\/wp-json\/wp\/v2\/product_tag?post=3299"}],"curies":[{"name":"wp","href":"https:\/\/api.w.org\/{rel}","templated":true}]}}