{"id":3301,"date":"2024-01-18T19:09:20","date_gmt":"2024-01-19T01:09:20","guid":{"rendered":"https:\/\/libreriahistoriasdebolsillo.com\/?post_type=product&#038;p=3301"},"modified":"2024-10-31T12:34:31","modified_gmt":"2024-10-31T18:34:31","slug":"boulevard-edicion-especial-ilustrada-pasta-suave","status":"publish","type":"product","link":"https:\/\/libreriahistoriasdebolsillo.com\/index.php\/producto\/boulevard-edicion-especial-ilustrada-pasta-suave\/","title":{"rendered":"Boulevard (Edici\u00f3n especial ilustrada pasta suave)"},"content":{"rendered":"<p>\u00bfQUI\u00c9N DIJO QUE DESPU\u00c9S DE LA TORMENTA SALE EL SOL CUANDO PUEDE HABER UN RAYO?<\/p>\n<p>Luke Howland, lleno de problemas y sumido en una desesperaci\u00f3n profunda, y Hasley Weigel, tan despistada como optimista, no se ajustan al prototipo de pareja perfecta.<\/p>\n<p>Como si cada uno fuese un cielo uno es tormenta y el otro un d\u00eda soleado: \u00e9l es oscuridad. Ella un rayo de sol. Y, sin embargo, juntosdeciden ponerle nombre a lo que hab\u00edan creado: un boulevard te\u00f1ido de tonos gris\u00e1ceos, celestes y azules el\u00e9ctricos prepar\u00e1ndose para la tormenta.<\/p>\n<p>Ella era para \u00e9l y \u00e9l era para ella.<\/p>\n<p>Una historia de amor tan \u00fanica que te marcar\u00e1 para el resto de tus d\u00edas.<\/p>\n","protected":false},"excerpt":{"rendered":"<p>Flor M. Salvador<\/p>\n","protected":false},"featured_media":3302,"template":"","meta":{"_joinchat":[]},"product_brand":[],"product_cat":[52,35],"product_tag":[34],"class_list":{"0":"post-3301","1":"product","2":"type-product","3":"status-publish","4":"has-post-thumbnail","6":"product_cat-juvenil","7":"product_cat-romantica","8":"product_tag-penguin-random-house","10":"first","11":"outofstock","12":"shipping-taxable","13":"purchasable","14":"product-type-simple"},"_links":{"self":[{"href":"https:\/\/libreriahistoriasdebolsillo.com\/index.php\/wp-json\/wp\/v2\/product\/3301","targetHints":{"allow":["GET"]}}],"collection":[{"href":"https:\/\/libreriahistoriasdebolsillo.com\/index.php\/wp-json\/wp\/v2\/product"}],"about":[{"href":"https:\/\/libreriahistoriasdebolsillo.com\/index.php\/wp-json\/wp\/v2\/types\/product"}],"wp:featuredmedia":[{"embeddable":true,"href":"https:\/\/libreriahistoriasdebolsillo.com\/index.php\/wp-json\/wp\/v2\/media\/3302"}],"wp:attachment":[{"href":"https:\/\/libreriahistoriasdebolsillo.com\/index.php\/wp-json\/wp\/v2\/media?parent=3301"}],"wp:term":[{"taxonomy":"product_brand","embeddable":true,"href":"https:\/\/libreriahistoriasdebolsillo.com\/index.php\/wp-json\/wp\/v2\/product_brand?post=3301"},{"taxonomy":"product_cat","embeddable":true,"href":"https:\/\/libreriahistoriasdebolsillo.com\/index.php\/wp-json\/wp\/v2\/product_cat?post=3301"},{"taxonomy":"product_tag","embeddable":true,"href":"https:\/\/libreriahistoriasdebolsillo.com\/index.php\/wp-json\/wp\/v2\/product_tag?post=3301"}],"curies":[{"name":"wp","href":"https:\/\/api.w.org\/{rel}","templated":true}]}}