{"id":3305,"date":"2024-01-18T19:13:20","date_gmt":"2024-01-19T01:13:20","guid":{"rendered":"https:\/\/libreriahistoriasdebolsillo.com\/?post_type=product&#038;p=3305"},"modified":"2025-10-23T12:42:42","modified_gmt":"2025-10-23T18:42:42","slug":"despierta-que-la-vida-sigue","status":"publish","type":"product","link":"https:\/\/libreriahistoriasdebolsillo.com\/index.php\/producto\/despierta-que-la-vida-sigue\/","title":{"rendered":"\u00a1Despierta!&#8230; Que la vida sigue"},"content":{"rendered":"<p><b>Del autor bestseller de\u00a0<i>Por el placer de vivir<\/i>,\u00a0<i>Destellos, El lado f\u00e1cil de la gente dif\u00edcil.<\/i><\/b><\/p>\n<p><b>C\u00e9sar Lozano ha motivado a m\u00e1s de 20 millones de personas en el mundo.<\/b><\/p>\n<p><b>Reflexiones para disfrutar plenamente la vida.<\/b><\/p>\n<p>Esta es una obra en la que el Dr.\u00a0<b>C\u00e9sar Lozano<\/b>\u00a0nos exhorta a valorar lo que tenemos; es un reconocimiento de que nuestra vida es breve y pasajera pero que, para aquellos que tenemos esperanza, siempre nos lleva al verdadero despertar.<\/p>\n<p><i>\u00a1Despierta!&#8230; que la vida sigue<\/i>\u00a0ofrece valiosas f\u00f3rmulas y t\u00e9cnicas que te sacudir\u00e1n para que no te quedes enredado en tus problemas y disfrutes de los mejores momentos de tu vida: una sonrisa de tus hijos, la caricia de un ser querido, la alegr\u00eda de hacer algo por alguien desconocido. Despu\u00e9s de leer este libro, tus relaciones tendr\u00e1n un nuevo sentido y habr\u00e1s encontrado la verdadera motivaci\u00f3n para fijar sentirte feliz.<\/p>\n","protected":false},"excerpt":{"rendered":"<p>C\u00e9sar Lozano<\/p>\n","protected":false},"featured_media":3306,"template":"","meta":{"_joinchat":[]},"product_brand":[],"product_cat":[58,41],"product_tag":[34],"class_list":{"0":"post-3305","1":"product","2":"type-product","3":"status-publish","4":"has-post-thumbnail","6":"product_cat-desarrollo-humano-y-superacion","7":"product_cat-desarrollo-humano","8":"product_tag-penguin-random-house","10":"first","11":"outofstock","12":"shipping-taxable","13":"purchasable","14":"product-type-simple"},"_links":{"self":[{"href":"https:\/\/libreriahistoriasdebolsillo.com\/index.php\/wp-json\/wp\/v2\/product\/3305","targetHints":{"allow":["GET"]}}],"collection":[{"href":"https:\/\/libreriahistoriasdebolsillo.com\/index.php\/wp-json\/wp\/v2\/product"}],"about":[{"href":"https:\/\/libreriahistoriasdebolsillo.com\/index.php\/wp-json\/wp\/v2\/types\/product"}],"wp:featuredmedia":[{"embeddable":true,"href":"https:\/\/libreriahistoriasdebolsillo.com\/index.php\/wp-json\/wp\/v2\/media\/3306"}],"wp:attachment":[{"href":"https:\/\/libreriahistoriasdebolsillo.com\/index.php\/wp-json\/wp\/v2\/media?parent=3305"}],"wp:term":[{"taxonomy":"product_brand","embeddable":true,"href":"https:\/\/libreriahistoriasdebolsillo.com\/index.php\/wp-json\/wp\/v2\/product_brand?post=3305"},{"taxonomy":"product_cat","embeddable":true,"href":"https:\/\/libreriahistoriasdebolsillo.com\/index.php\/wp-json\/wp\/v2\/product_cat?post=3305"},{"taxonomy":"product_tag","embeddable":true,"href":"https:\/\/libreriahistoriasdebolsillo.com\/index.php\/wp-json\/wp\/v2\/product_tag?post=3305"}],"curies":[{"name":"wp","href":"https:\/\/api.w.org\/{rel}","templated":true}]}}