{"id":3307,"date":"2024-01-18T19:15:00","date_gmt":"2024-01-19T01:15:00","guid":{"rendered":"https:\/\/libreriahistoriasdebolsillo.com\/?post_type=product&#038;p=3307"},"modified":"2026-01-30T11:45:14","modified_gmt":"2026-01-30T17:45:14","slug":"ya-superalo","status":"publish","type":"product","link":"https:\/\/libreriahistoriasdebolsillo.com\/index.php\/producto\/ya-superalo\/","title":{"rendered":"\u00a1Ya sup\u00e9ralo!"},"content":{"rendered":"<p><b>\u00bfPor qu\u00e9 te aferras a alguien que no te ama? \u00bfQu\u00e9 ganas con discutir todo el tiempo? \u00bfQui\u00e9n te dijo que hacerte la v\u00edctima te garantiza obtener lo que deseas? \u00a1Ya sup\u00e9ralo!<\/b><\/p>\n<p><b>La dicha no est\u00e1 en quienes te rodean, \u00a1debes crearla!, deja de culpar a los dem\u00e1s de lo que no puedes resolver, \u00bfas\u00ed, o m\u00e1s claro?<\/b><\/p>\n<p>Con su estilo incomparable, lecciones de vida, an\u00e9cdotas y experiencias que han marcado su camino, C\u00e9sar Lozano entrega en este libro\u00a0<b>los consejos m\u00e1s efectivos para superar<\/b>\u00a0una traici\u00f3n, deshacerte de tu imaginaci\u00f3n destructiva, evitar a los vampiros emocionales y alejarte del rencor. Consciente de que ante una p\u00e9rdida es imposible hablar de superarla, te invita a comprender el dolor profundo para sobrellevarla y hacer menos dolorosa la ausencia o la muerte de un ser querido.<\/p>\n<p><i>\u00a1Ya sup\u00e9ralo! Te adaptas, te amargas o te vas<\/i>, te ayuda a decidir siempre por tu bien, a no cargar todos los d\u00edas tus miedos e inseguridades; el autor, bestseller internacional, te comparte numerosas reflexiones para que te olvides de la perfecci\u00f3n que buscas pues s\u00f3lo te estresa. El libro tiene el prop\u00f3sito de\u00a0<b>hacerte m\u00e1s claro y directo el camino hacia el bienestar<\/b>.<\/p>\n","protected":false},"excerpt":{"rendered":"<p>C\u00e9sar Lozano<\/p>\n","protected":false},"featured_media":3308,"template":"","meta":{"_joinchat":[]},"product_brand":[],"product_cat":[58,41],"product_tag":[34],"class_list":{"0":"post-3307","1":"product","2":"type-product","3":"status-publish","4":"has-post-thumbnail","6":"product_cat-desarrollo-humano-y-superacion","7":"product_cat-desarrollo-humano","8":"product_tag-penguin-random-house","10":"first","11":"outofstock","12":"shipping-taxable","13":"purchasable","14":"product-type-simple"},"_links":{"self":[{"href":"https:\/\/libreriahistoriasdebolsillo.com\/index.php\/wp-json\/wp\/v2\/product\/3307","targetHints":{"allow":["GET"]}}],"collection":[{"href":"https:\/\/libreriahistoriasdebolsillo.com\/index.php\/wp-json\/wp\/v2\/product"}],"about":[{"href":"https:\/\/libreriahistoriasdebolsillo.com\/index.php\/wp-json\/wp\/v2\/types\/product"}],"wp:featuredmedia":[{"embeddable":true,"href":"https:\/\/libreriahistoriasdebolsillo.com\/index.php\/wp-json\/wp\/v2\/media\/3308"}],"wp:attachment":[{"href":"https:\/\/libreriahistoriasdebolsillo.com\/index.php\/wp-json\/wp\/v2\/media?parent=3307"}],"wp:term":[{"taxonomy":"product_brand","embeddable":true,"href":"https:\/\/libreriahistoriasdebolsillo.com\/index.php\/wp-json\/wp\/v2\/product_brand?post=3307"},{"taxonomy":"product_cat","embeddable":true,"href":"https:\/\/libreriahistoriasdebolsillo.com\/index.php\/wp-json\/wp\/v2\/product_cat?post=3307"},{"taxonomy":"product_tag","embeddable":true,"href":"https:\/\/libreriahistoriasdebolsillo.com\/index.php\/wp-json\/wp\/v2\/product_tag?post=3307"}],"curies":[{"name":"wp","href":"https:\/\/api.w.org\/{rel}","templated":true}]}}