{"id":3309,"date":"2024-01-18T19:16:15","date_gmt":"2024-01-19T01:16:15","guid":{"rendered":"https:\/\/libreriahistoriasdebolsillo.com\/?post_type=product&#038;p=3309"},"modified":"2024-04-11T10:54:15","modified_gmt":"2024-04-11T16:54:15","slug":"violeta","status":"publish","type":"product","link":"https:\/\/libreriahistoriasdebolsillo.com\/index.php\/producto\/violeta\/","title":{"rendered":"Violeta"},"content":{"rendered":"<p>Violeta viene al mundo un tormentoso d\u00eda de\u00a0<b>1920,<\/b>\u00a0siendo la primera ni\u00f1a de una familia de cinco bulliciosos hermanos. Su vida estar\u00e1 marcada por acontecimientos extraordinarios y todav\u00eda se sienten las ondas expansivas de la\u00a0<b>Gran Guerra<\/b>\u00a0cuando la\u00a0<b>gripe espa\u00f1ola<\/b>\u00a0llega a su pa\u00eds.<\/p>\n<p>En una carta dirigida a una persona a la que ama, Violeta rememora desenga\u00f1os amorosos y\u00a0<b>romances apasionados<\/b>, pobreza y prosperidad, p\u00e9rdidasterribles e inmensas alegr\u00edas. Moldear\u00e1n su vida algunos de los grandes sucesos de la historia: la lucha por los\u00a0<b>derechos\u00a0<\/b>de la<b>\u00a0mujer<\/b>, el auge y ca\u00edda de tiranos y, en \u00faltima instancia, no una sino dos pandemias.<\/p>\n<p><b>Isabel Allende<\/b>\u00a0nos regala una historia \u00e9pica, furiosamente inspiradora y profundamente emotiva.<\/p>\n","protected":false},"excerpt":{"rendered":"<p>Isabel Allende<\/p>\n","protected":false},"featured_media":3310,"template":"","meta":{"_joinchat":[]},"product_brand":[],"product_cat":[33],"product_tag":[34],"class_list":{"0":"post-3309","1":"product","2":"type-product","3":"status-publish","4":"has-post-thumbnail","6":"product_cat-ficcion-general","7":"product_tag-penguin-random-house","9":"first","10":"outofstock","11":"shipping-taxable","12":"purchasable","13":"product-type-simple"},"_links":{"self":[{"href":"https:\/\/libreriahistoriasdebolsillo.com\/index.php\/wp-json\/wp\/v2\/product\/3309","targetHints":{"allow":["GET"]}}],"collection":[{"href":"https:\/\/libreriahistoriasdebolsillo.com\/index.php\/wp-json\/wp\/v2\/product"}],"about":[{"href":"https:\/\/libreriahistoriasdebolsillo.com\/index.php\/wp-json\/wp\/v2\/types\/product"}],"wp:featuredmedia":[{"embeddable":true,"href":"https:\/\/libreriahistoriasdebolsillo.com\/index.php\/wp-json\/wp\/v2\/media\/3310"}],"wp:attachment":[{"href":"https:\/\/libreriahistoriasdebolsillo.com\/index.php\/wp-json\/wp\/v2\/media?parent=3309"}],"wp:term":[{"taxonomy":"product_brand","embeddable":true,"href":"https:\/\/libreriahistoriasdebolsillo.com\/index.php\/wp-json\/wp\/v2\/product_brand?post=3309"},{"taxonomy":"product_cat","embeddable":true,"href":"https:\/\/libreriahistoriasdebolsillo.com\/index.php\/wp-json\/wp\/v2\/product_cat?post=3309"},{"taxonomy":"product_tag","embeddable":true,"href":"https:\/\/libreriahistoriasdebolsillo.com\/index.php\/wp-json\/wp\/v2\/product_tag?post=3309"}],"curies":[{"name":"wp","href":"https:\/\/api.w.org\/{rel}","templated":true}]}}