{"id":3315,"date":"2024-01-18T19:22:42","date_gmt":"2024-01-19T01:22:42","guid":{"rendered":"https:\/\/libreriahistoriasdebolsillo.com\/?post_type=product&#038;p=3315"},"modified":"2025-05-13T14:59:12","modified_gmt":"2025-05-13T20:59:12","slug":"audaz-productivo-y-feliz","status":"publish","type":"product","link":"https:\/\/libreriahistoriasdebolsillo.com\/index.php\/producto\/audaz-productivo-y-feliz\/","title":{"rendered":"Audaz, productivo y feliz"},"content":{"rendered":"<p><b>De Robin Sharma autor del bestseller internacional\u00a0<i>El monje que vendi\u00f3 su Ferrari<\/i>, con m\u00e1s de 5 millones de ejemplares vendidos.<\/b><\/p>\n<p><b>Este libro ofrece propuestas pr\u00e1cticas que contribuir\u00e1n a un cambio r\u00e1pido en los h\u00e1bitos diarios para alcanzar el m\u00e1ximo potencial de cada uno.<\/b><\/p>\n<p>Robin Sharma incluye aqu\u00ed 36 m\u00f3dulos capaces de transformar radicalmente la din\u00e1mica vital para conducir al lector a horizontes profesionales y personales m\u00e1s elevados. El autor nos invita a reflexionar sobre la forma en que vivimos y trabajamos, y a comprometernos a introducir cambios de rumbo profundos para prosperar en todos los \u00e1mbitos de la vida.<\/p>\n<p><b><i>Audaz, productivo y feliz<\/i>\u00a0te ense\u00f1ar\u00e1 a:<\/b><\/p>\n<p>-Conseguir un rendimiento extraordinario en tu trabajo y en tu vida.<\/p>\n<p>-Encontrar un enfoque equilibrado del \u00e9xito.<\/p>\n<p>-No dejar nunca de aprender.<\/p>\n<p>-Desarrollar un entorno propicio para la excelencia.<\/p>\n<p>-Ejercer un verdadero liderazgo.<\/p>\n","protected":false},"excerpt":{"rendered":"<p>Robin Sharma<\/p>\n","protected":false},"featured_media":3316,"template":"","meta":{"_joinchat":[]},"product_brand":[],"product_cat":[58,41,51],"product_tag":[34],"class_list":{"0":"post-3315","1":"product","2":"type-product","3":"status-publish","4":"has-post-thumbnail","6":"product_cat-desarrollo-humano-y-superacion","7":"product_cat-desarrollo-humano","8":"product_cat-oferta","9":"product_tag-penguin-random-house","11":"first","12":"instock","13":"shipping-taxable","14":"purchasable","15":"product-type-simple"},"_links":{"self":[{"href":"https:\/\/libreriahistoriasdebolsillo.com\/index.php\/wp-json\/wp\/v2\/product\/3315","targetHints":{"allow":["GET"]}}],"collection":[{"href":"https:\/\/libreriahistoriasdebolsillo.com\/index.php\/wp-json\/wp\/v2\/product"}],"about":[{"href":"https:\/\/libreriahistoriasdebolsillo.com\/index.php\/wp-json\/wp\/v2\/types\/product"}],"wp:featuredmedia":[{"embeddable":true,"href":"https:\/\/libreriahistoriasdebolsillo.com\/index.php\/wp-json\/wp\/v2\/media\/3316"}],"wp:attachment":[{"href":"https:\/\/libreriahistoriasdebolsillo.com\/index.php\/wp-json\/wp\/v2\/media?parent=3315"}],"wp:term":[{"taxonomy":"product_brand","embeddable":true,"href":"https:\/\/libreriahistoriasdebolsillo.com\/index.php\/wp-json\/wp\/v2\/product_brand?post=3315"},{"taxonomy":"product_cat","embeddable":true,"href":"https:\/\/libreriahistoriasdebolsillo.com\/index.php\/wp-json\/wp\/v2\/product_cat?post=3315"},{"taxonomy":"product_tag","embeddable":true,"href":"https:\/\/libreriahistoriasdebolsillo.com\/index.php\/wp-json\/wp\/v2\/product_tag?post=3315"}],"curies":[{"name":"wp","href":"https:\/\/api.w.org\/{rel}","templated":true}]}}