{"id":3319,"date":"2024-01-18T19:28:15","date_gmt":"2024-01-19T01:28:15","guid":{"rendered":"https:\/\/libreriahistoriasdebolsillo.com\/?post_type=product&#038;p=3319"},"modified":"2025-02-03T17:59:46","modified_gmt":"2025-02-03T23:59:46","slug":"meditaciones-ed-bolsillo","status":"publish","type":"product","link":"https:\/\/libreriahistoriasdebolsillo.com\/index.php\/producto\/meditaciones-ed-bolsillo\/","title":{"rendered":"Meditaciones (Ed. bolsillo)"},"content":{"rendered":"<p><b>Una de las obras m\u00e1s importantes de la filosof\u00eda estoica.<\/b><\/p>\n<p><b>Del emperador y fil\u00f3sofo romano Marco Aurelio.<\/b><\/p>\n<p><b>Taurus publica las obras de los grandes pensadores, pioneros, radicales y visionarios cuyas ideas sacudieron la civilizaci\u00f3n y nos impulsaron a ser quienes somos.<\/b><\/p>\n<p>Las\u00a0<i>Meditaciones<\/i>\u00a0del gran emperador-fil\u00f3sofo romano\u00a0<b>Marco Aurelio<\/b>\u00a0son sencillas aunque profundas obras de filosof\u00eda estoica que, a d\u00eda de hoy, contin\u00faan ofreciendo a muchos orientaci\u00f3n y consuelo con su elocuencia, sabidur\u00eda y humildad.<\/p>\n<p>A lo largo de la historia, algunos libros han cambiado el mundo. Han transformado la manera en que nos vemos a nosotros mismos y a los dem\u00e1s. Han inspirado el debate, la discordia, la guerra y la revoluci\u00f3n. Han iluminado, indignado, provocado y consolado. Han enriquecido vidas, y tambi\u00e9n las han destruido.<\/p>\n","protected":false},"excerpt":{"rendered":"<p>Marco Aurelio<\/p>\n","protected":false},"featured_media":3320,"template":"","meta":{"_joinchat":[]},"product_brand":[],"product_cat":[61,41,51],"product_tag":[34],"class_list":{"0":"post-3319","1":"product","2":"type-product","3":"status-publish","4":"has-post-thumbnail","6":"product_cat-filosofia","7":"product_cat-desarrollo-humano","8":"product_cat-oferta","9":"product_tag-penguin-random-house","11":"first","12":"outofstock","13":"shipping-taxable","14":"purchasable","15":"product-type-simple"},"_links":{"self":[{"href":"https:\/\/libreriahistoriasdebolsillo.com\/index.php\/wp-json\/wp\/v2\/product\/3319","targetHints":{"allow":["GET"]}}],"collection":[{"href":"https:\/\/libreriahistoriasdebolsillo.com\/index.php\/wp-json\/wp\/v2\/product"}],"about":[{"href":"https:\/\/libreriahistoriasdebolsillo.com\/index.php\/wp-json\/wp\/v2\/types\/product"}],"wp:featuredmedia":[{"embeddable":true,"href":"https:\/\/libreriahistoriasdebolsillo.com\/index.php\/wp-json\/wp\/v2\/media\/3320"}],"wp:attachment":[{"href":"https:\/\/libreriahistoriasdebolsillo.com\/index.php\/wp-json\/wp\/v2\/media?parent=3319"}],"wp:term":[{"taxonomy":"product_brand","embeddable":true,"href":"https:\/\/libreriahistoriasdebolsillo.com\/index.php\/wp-json\/wp\/v2\/product_brand?post=3319"},{"taxonomy":"product_cat","embeddable":true,"href":"https:\/\/libreriahistoriasdebolsillo.com\/index.php\/wp-json\/wp\/v2\/product_cat?post=3319"},{"taxonomy":"product_tag","embeddable":true,"href":"https:\/\/libreriahistoriasdebolsillo.com\/index.php\/wp-json\/wp\/v2\/product_tag?post=3319"}],"curies":[{"name":"wp","href":"https:\/\/api.w.org\/{rel}","templated":true}]}}