{"id":3321,"date":"2024-01-18T19:37:05","date_gmt":"2024-01-19T01:37:05","guid":{"rendered":"https:\/\/libreriahistoriasdebolsillo.com\/?post_type=product&#038;p=3321"},"modified":"2026-01-12T13:59:48","modified_gmt":"2026-01-12T19:59:48","slug":"muchas-vidas-muchos-maestros","status":"publish","type":"product","link":"https:\/\/libreriahistoriasdebolsillo.com\/index.php\/producto\/muchas-vidas-muchos-maestros\/","title":{"rendered":"Muchas vidas, muchos maestros"},"content":{"rendered":"<p>Este libro, profundamente conmovedor, se ha convertido en un extraordinario bestseller con 1.5 millones de lectores desde su primera publicaci\u00f3n en 1988. En \u00e9ste, Brian Weiss nos cuenta la asombrosa experiencia que cambi\u00f3 su vida para siempre, en una\u00a0<b>obra maestra de la espiritualidad\u00a0<\/b>que sigue siendo de lectura obligada.<\/p>\n<p>Una de sus pacientes, Catherine, record\u00f3 bajo hipnosis sus\u00a0<b>vidas pasadas<\/b>\u00a0y consigui\u00f3 encontrar en \u00e9stas el origen de muchos de los\u00a0<b>traumas\u00a0<\/b>que sufr\u00eda. Catherine se cur\u00f3, pero ocurri\u00f3 algo ins\u00f3lito: logr\u00f3 ponerse en contacto con los Maestros, esp\u00edritus superiores que habitan los estados entre dos vidas. Ellos le comunicaron importantes mensajes de\u00a0<b>sabidur\u00eda\u00a0<\/b>y de<b>\u00a0conocimiento.<\/b><\/p>\n<p>\u00abLas credenciales del Dr. Weiss, y su escepticismo inicial, atraen a personas que de otro modo no se hubieran acercado a este libro.\u00bb<\/p>\n<p><i>The New York Times<\/i><\/p>\n","protected":false},"excerpt":{"rendered":"<p>Brian Weiss<\/p>\n","protected":false},"featured_media":3322,"template":"","meta":{"_joinchat":[]},"product_brand":[],"product_cat":[58,41],"product_tag":[34],"class_list":{"0":"post-3321","1":"product","2":"type-product","3":"status-publish","4":"has-post-thumbnail","6":"product_cat-desarrollo-humano-y-superacion","7":"product_cat-desarrollo-humano","8":"product_tag-penguin-random-house","10":"first","11":"instock","12":"sale","13":"shipping-taxable","14":"purchasable","15":"product-type-simple"},"_links":{"self":[{"href":"https:\/\/libreriahistoriasdebolsillo.com\/index.php\/wp-json\/wp\/v2\/product\/3321","targetHints":{"allow":["GET"]}}],"collection":[{"href":"https:\/\/libreriahistoriasdebolsillo.com\/index.php\/wp-json\/wp\/v2\/product"}],"about":[{"href":"https:\/\/libreriahistoriasdebolsillo.com\/index.php\/wp-json\/wp\/v2\/types\/product"}],"wp:featuredmedia":[{"embeddable":true,"href":"https:\/\/libreriahistoriasdebolsillo.com\/index.php\/wp-json\/wp\/v2\/media\/3322"}],"wp:attachment":[{"href":"https:\/\/libreriahistoriasdebolsillo.com\/index.php\/wp-json\/wp\/v2\/media?parent=3321"}],"wp:term":[{"taxonomy":"product_brand","embeddable":true,"href":"https:\/\/libreriahistoriasdebolsillo.com\/index.php\/wp-json\/wp\/v2\/product_brand?post=3321"},{"taxonomy":"product_cat","embeddable":true,"href":"https:\/\/libreriahistoriasdebolsillo.com\/index.php\/wp-json\/wp\/v2\/product_cat?post=3321"},{"taxonomy":"product_tag","embeddable":true,"href":"https:\/\/libreriahistoriasdebolsillo.com\/index.php\/wp-json\/wp\/v2\/product_tag?post=3321"}],"curies":[{"name":"wp","href":"https:\/\/api.w.org\/{rel}","templated":true}]}}