{"id":3323,"date":"2024-01-19T10:15:49","date_gmt":"2024-01-19T16:15:49","guid":{"rendered":"https:\/\/libreriahistoriasdebolsillo.com\/?post_type=product&#038;p=3323"},"modified":"2026-03-27T17:28:53","modified_gmt":"2026-03-27T23:28:53","slug":"muchos-cuerpos-una-misma-alma","status":"publish","type":"product","link":"https:\/\/libreriahistoriasdebolsillo.com\/index.php\/producto\/muchos-cuerpos-una-misma-alma\/","title":{"rendered":"Muchos cuerpos, una misma alma"},"content":{"rendered":"<p>En su c\u00e9lebre obra\u00a0<i><b>Muchas vidas, muchos maestros<\/b><\/i>, el\u00a0<b>doctor Brian Weiss<\/b>\u00a0relataba su investigaci\u00f3n sobre el poder curativo de la regresi\u00f3n a vidas anteriores. Ahora, en este libro fascinante e innovador, nos revela que as\u00ed como todos hemos vivido existencias anteriores, todos viviremos otras en el futuro. Lo que hagamos en esta vida influir\u00e1 sobre nuestras reencarnaciones a lo largo del camino de evoluci\u00f3n hacia la inmortalidad.<\/p>\n<p>\u00c9sta es una obra revolucionaria, que ahonda en los descubrimientos del doctor Weiss sobre el pasado para transportar a sus millones de lectores hasta un futuro individual y colectivo de cuya creaci\u00f3n son responsables ellos mismos. Por el camino, sus vidas quedar\u00e1n transformadas profundamente y encontrar\u00e1n m\u00e1s paz, m\u00e1s felicidad y soluciones a sus problemas.<\/p>\n","protected":false},"excerpt":{"rendered":"<p>Brian Weiss<\/p>\n","protected":false},"featured_media":3324,"template":"","meta":{"_joinchat":[]},"product_brand":[],"product_cat":[58,41],"product_tag":[34],"class_list":{"0":"post-3323","1":"product","2":"type-product","3":"status-publish","4":"has-post-thumbnail","6":"product_cat-desarrollo-humano-y-superacion","7":"product_cat-desarrollo-humano","8":"product_tag-penguin-random-house","10":"first","11":"outofstock","12":"shipping-taxable","13":"purchasable","14":"product-type-simple"},"_links":{"self":[{"href":"https:\/\/libreriahistoriasdebolsillo.com\/index.php\/wp-json\/wp\/v2\/product\/3323","targetHints":{"allow":["GET"]}}],"collection":[{"href":"https:\/\/libreriahistoriasdebolsillo.com\/index.php\/wp-json\/wp\/v2\/product"}],"about":[{"href":"https:\/\/libreriahistoriasdebolsillo.com\/index.php\/wp-json\/wp\/v2\/types\/product"}],"wp:featuredmedia":[{"embeddable":true,"href":"https:\/\/libreriahistoriasdebolsillo.com\/index.php\/wp-json\/wp\/v2\/media\/3324"}],"wp:attachment":[{"href":"https:\/\/libreriahistoriasdebolsillo.com\/index.php\/wp-json\/wp\/v2\/media?parent=3323"}],"wp:term":[{"taxonomy":"product_brand","embeddable":true,"href":"https:\/\/libreriahistoriasdebolsillo.com\/index.php\/wp-json\/wp\/v2\/product_brand?post=3323"},{"taxonomy":"product_cat","embeddable":true,"href":"https:\/\/libreriahistoriasdebolsillo.com\/index.php\/wp-json\/wp\/v2\/product_cat?post=3323"},{"taxonomy":"product_tag","embeddable":true,"href":"https:\/\/libreriahistoriasdebolsillo.com\/index.php\/wp-json\/wp\/v2\/product_tag?post=3323"}],"curies":[{"name":"wp","href":"https:\/\/api.w.org\/{rel}","templated":true}]}}