{"id":3325,"date":"2024-01-19T10:17:43","date_gmt":"2024-01-19T16:17:43","guid":{"rendered":"https:\/\/libreriahistoriasdebolsillo.com\/?post_type=product&#038;p=3325"},"modified":"2026-04-23T13:02:00","modified_gmt":"2026-04-23T19:02:00","slug":"las-mujeres-que-aman-demasiado-ed-bolsillo","status":"publish","type":"product","link":"https:\/\/libreriahistoriasdebolsillo.com\/index.php\/producto\/las-mujeres-que-aman-demasiado-ed-bolsillo\/","title":{"rendered":"Las mujeres que aman demasiado (Ed. bolsillo)"},"content":{"rendered":"<p>\u00abCuando estar enamorada significa sufrir, es que estamos amando demasiado. Cuando la mayor\u00eda de nuestras conversaciones con amigas \u00edntimas son acerca de \u00e9l, de sus problemas, ideas, acciones y sentimientos, cuando casi todas nuestras frases comienzan con \u00ab\u00e9l&#8230;\u00bb, es que estamos amando demasiado. Cuando disculpamos su mal humor, su indiferencia y sus desaires e intentamos justificarlo o incluso convertirnos en su terapeuta, es que estamos amando demasiado\u00bb. \u00bfEn qu\u00e9 momento nuestro gran deseo de amar se convierte en adicci\u00f3n? \u00bfPor qu\u00e9 creemos que los hombres sin problemas y buenos son aburridos?<\/p>\n","protected":false},"excerpt":{"rendered":"<p>Robin Norwood<\/p>\n","protected":false},"featured_media":3326,"template":"","meta":{"_joinchat":[]},"product_brand":[],"product_cat":[58,41],"product_tag":[34],"class_list":{"0":"post-3325","1":"product","2":"type-product","3":"status-publish","4":"has-post-thumbnail","6":"product_cat-desarrollo-humano-y-superacion","7":"product_cat-desarrollo-humano","8":"product_tag-penguin-random-house","10":"first","11":"outofstock","12":"shipping-taxable","13":"purchasable","14":"product-type-simple"},"_links":{"self":[{"href":"https:\/\/libreriahistoriasdebolsillo.com\/index.php\/wp-json\/wp\/v2\/product\/3325","targetHints":{"allow":["GET"]}}],"collection":[{"href":"https:\/\/libreriahistoriasdebolsillo.com\/index.php\/wp-json\/wp\/v2\/product"}],"about":[{"href":"https:\/\/libreriahistoriasdebolsillo.com\/index.php\/wp-json\/wp\/v2\/types\/product"}],"wp:featuredmedia":[{"embeddable":true,"href":"https:\/\/libreriahistoriasdebolsillo.com\/index.php\/wp-json\/wp\/v2\/media\/3326"}],"wp:attachment":[{"href":"https:\/\/libreriahistoriasdebolsillo.com\/index.php\/wp-json\/wp\/v2\/media?parent=3325"}],"wp:term":[{"taxonomy":"product_brand","embeddable":true,"href":"https:\/\/libreriahistoriasdebolsillo.com\/index.php\/wp-json\/wp\/v2\/product_brand?post=3325"},{"taxonomy":"product_cat","embeddable":true,"href":"https:\/\/libreriahistoriasdebolsillo.com\/index.php\/wp-json\/wp\/v2\/product_cat?post=3325"},{"taxonomy":"product_tag","embeddable":true,"href":"https:\/\/libreriahistoriasdebolsillo.com\/index.php\/wp-json\/wp\/v2\/product_tag?post=3325"}],"curies":[{"name":"wp","href":"https:\/\/api.w.org\/{rel}","templated":true}]}}