{"id":3329,"date":"2024-01-19T10:21:42","date_gmt":"2024-01-19T16:21:42","guid":{"rendered":"https:\/\/libreriahistoriasdebolsillo.com\/?post_type=product&#038;p=3329"},"modified":"2024-05-20T12:17:13","modified_gmt":"2024-05-20T18:17:13","slug":"biblioteca-george-r-r-martin-una-cancion-para-lya-ciencia-ficcion-ii","status":"publish","type":"product","link":"https:\/\/libreriahistoriasdebolsillo.com\/index.php\/producto\/biblioteca-george-r-r-martin-una-cancion-para-lya-ciencia-ficcion-ii\/","title":{"rendered":"Biblioteca George R.R. Martin. Una canci\u00f3n para Lya (Ciencia ficci\u00f3n I)"},"content":{"rendered":"<p>Antes de vender millones de ejemplares y cosechar fama mundial por la saga\u00a0<i><b>Canci\u00f3n de Hielo y Fuego<\/b><\/i>, George R. R. Martin public\u00f3 cuentos y novelas de fantas\u00eda, terror y ciencia ficci\u00f3n.<\/p>\n<p>Gracias a sus\u00a0<b>extraordinarias dotes narrativas<\/b>\u00a0y su capacidad magistral para crear mundos y personajes, se ha ganado el respeto de los lectores y la ovaci\u00f3n de los jurados de los premios Hugo, Nebula, World Fantasy Awards y varios m\u00e1s.<\/p>\n<p>La novelabreve que da t\u00edtulo a este volumen, acreedora al Premio Hugo en 1975,\u00a0<i>Una canci\u00f3n para Lya<\/i>, nos traslada al universo de una pareja de\u00a0<b>tel\u00e9patas\u00a0<\/b>que intenta descubrir el secreto de la aparente falta de evoluci\u00f3n del pueblo\u00a0<i>shkeen\u00a0<\/i>y su fervor a los\u00a0<i>greeshka<\/i>, un\u00a0<b>mort\u00edfero par\u00e1sito<\/b>; mientras tanto, su relaci\u00f3n y el amor profundo que siempre se han tenido parecen estar en riesgo.<\/p>\n<p>Junto a\u00a0<i>Lya<\/i>, esta edici\u00f3n incluye una vista panor\u00e1mica del universo de\u00a0<b>mundos extraterrestres<\/b>\u00a0creados por el autor, como\u00a0<i>El segundo tipo de soledad\u00a0<\/i>y<i>\u00a0Con la ma\u00f1ana se pone la niebla.<\/i><\/p>\n","protected":false},"excerpt":{"rendered":"<p>George R.R. Martin<\/p>\n","protected":false},"featured_media":3330,"template":"","meta":{"_joinchat":[]},"product_brand":[],"product_cat":[40,51],"product_tag":[34],"class_list":{"0":"post-3329","1":"product","2":"type-product","3":"status-publish","4":"has-post-thumbnail","6":"product_cat-ciencia-ficcion","7":"product_cat-oferta","8":"product_tag-penguin-random-house","10":"first","11":"outofstock","12":"sale","13":"shipping-taxable","14":"purchasable","15":"product-type-simple"},"_links":{"self":[{"href":"https:\/\/libreriahistoriasdebolsillo.com\/index.php\/wp-json\/wp\/v2\/product\/3329","targetHints":{"allow":["GET"]}}],"collection":[{"href":"https:\/\/libreriahistoriasdebolsillo.com\/index.php\/wp-json\/wp\/v2\/product"}],"about":[{"href":"https:\/\/libreriahistoriasdebolsillo.com\/index.php\/wp-json\/wp\/v2\/types\/product"}],"wp:featuredmedia":[{"embeddable":true,"href":"https:\/\/libreriahistoriasdebolsillo.com\/index.php\/wp-json\/wp\/v2\/media\/3330"}],"wp:attachment":[{"href":"https:\/\/libreriahistoriasdebolsillo.com\/index.php\/wp-json\/wp\/v2\/media?parent=3329"}],"wp:term":[{"taxonomy":"product_brand","embeddable":true,"href":"https:\/\/libreriahistoriasdebolsillo.com\/index.php\/wp-json\/wp\/v2\/product_brand?post=3329"},{"taxonomy":"product_cat","embeddable":true,"href":"https:\/\/libreriahistoriasdebolsillo.com\/index.php\/wp-json\/wp\/v2\/product_cat?post=3329"},{"taxonomy":"product_tag","embeddable":true,"href":"https:\/\/libreriahistoriasdebolsillo.com\/index.php\/wp-json\/wp\/v2\/product_tag?post=3329"}],"curies":[{"name":"wp","href":"https:\/\/api.w.org\/{rel}","templated":true}]}}