{"id":3331,"date":"2024-01-19T10:26:29","date_gmt":"2024-01-19T16:26:29","guid":{"rendered":"https:\/\/libreriahistoriasdebolsillo.com\/?post_type=product&#038;p=3331"},"modified":"2025-04-22T15:05:08","modified_gmt":"2025-04-22T21:05:08","slug":"la-sed-de-mi","status":"publish","type":"product","link":"https:\/\/libreriahistoriasdebolsillo.com\/index.php\/producto\/la-sed-de-mi\/","title":{"rendered":"La sed de m\u00ed"},"content":{"rendered":"<p>En su segundo libro de poemas, Camila Esguerra, autora de\u00a0<i>Insomnio(s)<\/i>, usa su voz m\u00e1s \u00edntima y m\u00e1s honesta para volver a hablar del amor, de la libertad, de la amistad, del cuerpo, de la fragilidad, con la sensibilidad \u00fanica con la que siempre les ha llegado a sus lectores.<\/p>\n","protected":false},"excerpt":{"rendered":"<p>Camila Esguerra<\/p>\n","protected":false},"featured_media":3332,"template":"","meta":{"_joinchat":[]},"product_brand":[],"product_cat":[33,51,65],"product_tag":[34],"class_list":{"0":"post-3331","1":"product","2":"type-product","3":"status-publish","4":"has-post-thumbnail","6":"product_cat-ficcion-general","7":"product_cat-oferta","8":"product_cat-poesia","9":"product_tag-penguin-random-house","11":"first","12":"outofstock","13":"shipping-taxable","14":"purchasable","15":"product-type-simple"},"_links":{"self":[{"href":"https:\/\/libreriahistoriasdebolsillo.com\/index.php\/wp-json\/wp\/v2\/product\/3331","targetHints":{"allow":["GET"]}}],"collection":[{"href":"https:\/\/libreriahistoriasdebolsillo.com\/index.php\/wp-json\/wp\/v2\/product"}],"about":[{"href":"https:\/\/libreriahistoriasdebolsillo.com\/index.php\/wp-json\/wp\/v2\/types\/product"}],"wp:featuredmedia":[{"embeddable":true,"href":"https:\/\/libreriahistoriasdebolsillo.com\/index.php\/wp-json\/wp\/v2\/media\/3332"}],"wp:attachment":[{"href":"https:\/\/libreriahistoriasdebolsillo.com\/index.php\/wp-json\/wp\/v2\/media?parent=3331"}],"wp:term":[{"taxonomy":"product_brand","embeddable":true,"href":"https:\/\/libreriahistoriasdebolsillo.com\/index.php\/wp-json\/wp\/v2\/product_brand?post=3331"},{"taxonomy":"product_cat","embeddable":true,"href":"https:\/\/libreriahistoriasdebolsillo.com\/index.php\/wp-json\/wp\/v2\/product_cat?post=3331"},{"taxonomy":"product_tag","embeddable":true,"href":"https:\/\/libreriahistoriasdebolsillo.com\/index.php\/wp-json\/wp\/v2\/product_tag?post=3331"}],"curies":[{"name":"wp","href":"https:\/\/api.w.org\/{rel}","templated":true}]}}