{"id":3335,"date":"2024-01-19T10:33:27","date_gmt":"2024-01-19T16:33:27","guid":{"rendered":"https:\/\/libreriahistoriasdebolsillo.com\/?post_type=product&#038;p=3335"},"modified":"2026-04-25T12:22:03","modified_gmt":"2026-04-25T18:22:03","slug":"el-gato-que-amaba-los-libros","status":"publish","type":"product","link":"https:\/\/libreriahistoriasdebolsillo.com\/index.php\/producto\/el-gato-que-amaba-los-libros\/","title":{"rendered":"El gato que amaba los libros"},"content":{"rendered":"<p>La epopeya de Rintaro, el joven heredero de una entra\u00f1able\u00a0<b>librer\u00eda de viejo<\/b>, y de Tora, un sabio e ingenioso\u00a0<b>gato atigrado<\/b>, se ha convertido en un fulgurante \u00e9xito internacional. Su emocionante misi\u00f3n consiste nada m\u00e1s y nada menos que en\u00a0<b>salvar los libros<\/b>\u00a0queest\u00e1n en peligro y extender as\u00ed el amor por estos objetos, bellos e inigualables, que son parte imprescindible de nuestra vida.<\/p>\n<p><b>Del siempre fascinante Jap\u00f3n nos llega esta hermosa historia, cargada de sabidur\u00eda, magia y pasi\u00f3n por la lectura, que ya ha conquistado a lectores de todo el mundo.<\/b><\/p>\n","protected":false},"excerpt":{"rendered":"<p>Sosuke Natsukawa<\/p>\n","protected":false},"featured_media":3336,"template":"","meta":{"_joinchat":[]},"product_brand":[],"product_cat":[33],"product_tag":[34],"class_list":{"0":"post-3335","1":"product","2":"type-product","3":"status-publish","4":"has-post-thumbnail","6":"product_cat-ficcion-general","7":"product_tag-penguin-random-house","9":"first","10":"instock","11":"shipping-taxable","12":"purchasable","13":"product-type-simple"},"_links":{"self":[{"href":"https:\/\/libreriahistoriasdebolsillo.com\/index.php\/wp-json\/wp\/v2\/product\/3335","targetHints":{"allow":["GET"]}}],"collection":[{"href":"https:\/\/libreriahistoriasdebolsillo.com\/index.php\/wp-json\/wp\/v2\/product"}],"about":[{"href":"https:\/\/libreriahistoriasdebolsillo.com\/index.php\/wp-json\/wp\/v2\/types\/product"}],"wp:featuredmedia":[{"embeddable":true,"href":"https:\/\/libreriahistoriasdebolsillo.com\/index.php\/wp-json\/wp\/v2\/media\/3336"}],"wp:attachment":[{"href":"https:\/\/libreriahistoriasdebolsillo.com\/index.php\/wp-json\/wp\/v2\/media?parent=3335"}],"wp:term":[{"taxonomy":"product_brand","embeddable":true,"href":"https:\/\/libreriahistoriasdebolsillo.com\/index.php\/wp-json\/wp\/v2\/product_brand?post=3335"},{"taxonomy":"product_cat","embeddable":true,"href":"https:\/\/libreriahistoriasdebolsillo.com\/index.php\/wp-json\/wp\/v2\/product_cat?post=3335"},{"taxonomy":"product_tag","embeddable":true,"href":"https:\/\/libreriahistoriasdebolsillo.com\/index.php\/wp-json\/wp\/v2\/product_tag?post=3335"}],"curies":[{"name":"wp","href":"https:\/\/api.w.org\/{rel}","templated":true}]}}