{"id":3337,"date":"2024-01-19T10:35:56","date_gmt":"2024-01-19T16:35:56","guid":{"rendered":"https:\/\/libreriahistoriasdebolsillo.com\/?post_type=product&#038;p=3337"},"modified":"2024-04-11T10:50:59","modified_gmt":"2024-04-11T16:50:59","slug":"orgullo-y-prejuicio","status":"publish","type":"product","link":"https:\/\/libreriahistoriasdebolsillo.com\/index.php\/producto\/orgullo-y-prejuicio\/","title":{"rendered":"Orgullo y prejuicio"},"content":{"rendered":"<p><b>Relanzamiento con nuevas portadas de la obra de la autora. Publicada originalmente en 1813, Orgullo y prejuicio es una de las obras maestras de la literatura inglesa de todos los tiempos.<\/b><\/p>\n<p><b>Traducci\u00f3n de Ana Mar\u00eda Rodr\u00edguez.<\/b><\/p>\n<p>A lo largo de una trama que discurre con la precisi\u00f3n de un mecanismo de relojer\u00eda, Jane Austen perfila una galer\u00eda de personajes que conforman un perfecto y sutil retrato de \u00e9poca: las peripecias de una dama empe\u00f1ada en casar a sus hijas con el mejor partido de la regi\u00f3n, los vaivenes sentimentales de las hermanas, el oportunismo de un cl\u00e9rigo adulador&#8230; El trazado de los caracteres y el an\u00e1lisis de las relaciones humanas sometidas a un r\u00edgido c\u00f3digo de costumbres, elementos esenciales en la narrativa de la autora, alcanzan en\u00a0<i>Orgullo y prejuicio<\/i>\u00a0una maestr\u00eda insuperable.<\/p>\n","protected":false},"excerpt":{"rendered":"<p>Jane Austen<\/p>\n","protected":false},"featured_media":3338,"template":"","meta":{"_joinchat":[]},"product_brand":[],"product_cat":[42,35],"product_tag":[34],"class_list":{"0":"post-3337","1":"product","2":"type-product","3":"status-publish","4":"has-post-thumbnail","6":"product_cat-literatura-clasica","7":"product_cat-romantica","8":"product_tag-penguin-random-house","10":"first","11":"outofstock","12":"shipping-taxable","13":"purchasable","14":"product-type-simple"},"_links":{"self":[{"href":"https:\/\/libreriahistoriasdebolsillo.com\/index.php\/wp-json\/wp\/v2\/product\/3337","targetHints":{"allow":["GET"]}}],"collection":[{"href":"https:\/\/libreriahistoriasdebolsillo.com\/index.php\/wp-json\/wp\/v2\/product"}],"about":[{"href":"https:\/\/libreriahistoriasdebolsillo.com\/index.php\/wp-json\/wp\/v2\/types\/product"}],"wp:featuredmedia":[{"embeddable":true,"href":"https:\/\/libreriahistoriasdebolsillo.com\/index.php\/wp-json\/wp\/v2\/media\/3338"}],"wp:attachment":[{"href":"https:\/\/libreriahistoriasdebolsillo.com\/index.php\/wp-json\/wp\/v2\/media?parent=3337"}],"wp:term":[{"taxonomy":"product_brand","embeddable":true,"href":"https:\/\/libreriahistoriasdebolsillo.com\/index.php\/wp-json\/wp\/v2\/product_brand?post=3337"},{"taxonomy":"product_cat","embeddable":true,"href":"https:\/\/libreriahistoriasdebolsillo.com\/index.php\/wp-json\/wp\/v2\/product_cat?post=3337"},{"taxonomy":"product_tag","embeddable":true,"href":"https:\/\/libreriahistoriasdebolsillo.com\/index.php\/wp-json\/wp\/v2\/product_tag?post=3337"}],"curies":[{"name":"wp","href":"https:\/\/api.w.org\/{rel}","templated":true}]}}