{"id":3339,"date":"2024-01-19T10:37:49","date_gmt":"2024-01-19T16:37:49","guid":{"rendered":"https:\/\/libreriahistoriasdebolsillo.com\/?post_type=product&#038;p=3339"},"modified":"2024-04-06T12:55:59","modified_gmt":"2024-04-06T18:55:59","slug":"ana-de-las-tejas-verdes-1-la-llegada","status":"publish","type":"product","link":"https:\/\/libreriahistoriasdebolsillo.com\/index.php\/producto\/ana-de-las-tejas-verdes-1-la-llegada\/","title":{"rendered":"Ana de las tejas verdes 1. La llegada"},"content":{"rendered":"<p>Con la llegada de\u00a0<b>Ana Shirley<\/b>\u00a0a\u00a0<b>Avonlea<\/b>, la vida all\u00ed ya no volver\u00e1 a ser igual.<\/p>\n<p>Aunque la\u00a0<b>desbordante imaginaci\u00f3n<\/b>\u00a0de Ana provocar\u00e1 m\u00e1s de un desastre, su pelo rojo, su desparpajo y su buen coraz\u00f3n conquistar\u00e1n a todo aquel que se cruce con ella.<\/p>\n<p><b>Aventura<\/b>,\u00a0<b>humor<\/b>\u00a0y mucha emoci\u00f3n con uno de los\u00a0<b>personajes m\u00e1s entra\u00f1ables<\/b>\u00a0de la literatura universal.<\/p>\n","protected":false},"excerpt":{"rendered":"<p>L. M. Montgomery<\/p>\n","protected":false},"featured_media":3340,"template":"","meta":{"_joinchat":[]},"product_brand":[],"product_cat":[52,42],"product_tag":[34],"class_list":{"0":"post-3339","1":"product","2":"type-product","3":"status-publish","4":"has-post-thumbnail","6":"product_cat-juvenil","7":"product_cat-literatura-clasica","8":"product_tag-penguin-random-house","10":"first","11":"outofstock","12":"shipping-taxable","13":"purchasable","14":"product-type-simple"},"_links":{"self":[{"href":"https:\/\/libreriahistoriasdebolsillo.com\/index.php\/wp-json\/wp\/v2\/product\/3339","targetHints":{"allow":["GET"]}}],"collection":[{"href":"https:\/\/libreriahistoriasdebolsillo.com\/index.php\/wp-json\/wp\/v2\/product"}],"about":[{"href":"https:\/\/libreriahistoriasdebolsillo.com\/index.php\/wp-json\/wp\/v2\/types\/product"}],"wp:featuredmedia":[{"embeddable":true,"href":"https:\/\/libreriahistoriasdebolsillo.com\/index.php\/wp-json\/wp\/v2\/media\/3340"}],"wp:attachment":[{"href":"https:\/\/libreriahistoriasdebolsillo.com\/index.php\/wp-json\/wp\/v2\/media?parent=3339"}],"wp:term":[{"taxonomy":"product_brand","embeddable":true,"href":"https:\/\/libreriahistoriasdebolsillo.com\/index.php\/wp-json\/wp\/v2\/product_brand?post=3339"},{"taxonomy":"product_cat","embeddable":true,"href":"https:\/\/libreriahistoriasdebolsillo.com\/index.php\/wp-json\/wp\/v2\/product_cat?post=3339"},{"taxonomy":"product_tag","embeddable":true,"href":"https:\/\/libreriahistoriasdebolsillo.com\/index.php\/wp-json\/wp\/v2\/product_tag?post=3339"}],"curies":[{"name":"wp","href":"https:\/\/api.w.org\/{rel}","templated":true}]}}