{"id":3346,"date":"2024-01-20T10:49:18","date_gmt":"2024-01-20T16:49:18","guid":{"rendered":"https:\/\/libreriahistoriasdebolsillo.com\/?post_type=product&#038;p=3346"},"modified":"2026-02-04T16:42:00","modified_gmt":"2026-02-04T22:42:00","slug":"tarot-para-cambiar","status":"publish","type":"product","link":"https:\/\/libreriahistoriasdebolsillo.com\/index.php\/producto\/tarot-para-cambiar\/","title":{"rendered":"Tarot para cambiar"},"content":{"rendered":"<p>M\u00e1s que una herramienta para adivinar y predecir la fortuna, el tarot est\u00e1 profundamente asociado con la espiritualidad y la psicolog\u00eda. As\u00ed que, si quieres conocerte m\u00e1s, entender mejor tus relaciones, afrontar los cambios de tu vida o profundizar en el conocimiento de esta fascinante pr\u00e1ctica, llegaste al lugar indicado. Este libro ser\u00e1 tu amuleto, te ayudar\u00e1 a recordar que tus problemas no son nuevos, que nunca est\u00e1s solo y que, lo adviertas o no, la transformaci\u00f3n siempre est\u00e1 presente en ti<\/p>\n","protected":false},"excerpt":{"rendered":"<p>Jessica Dore<\/p>\n","protected":false},"featured_media":3347,"template":"","meta":{"_joinchat":[]},"product_brand":[],"product_cat":[59,41],"product_tag":[48],"class_list":{"0":"post-3346","1":"product","2":"type-product","3":"status-publish","4":"has-post-thumbnail","6":"product_cat-esoterismo","7":"product_cat-desarrollo-humano","8":"product_tag-vr-editoras","10":"first","11":"instock","12":"shipping-taxable","13":"purchasable","14":"product-type-simple"},"_links":{"self":[{"href":"https:\/\/libreriahistoriasdebolsillo.com\/index.php\/wp-json\/wp\/v2\/product\/3346","targetHints":{"allow":["GET"]}}],"collection":[{"href":"https:\/\/libreriahistoriasdebolsillo.com\/index.php\/wp-json\/wp\/v2\/product"}],"about":[{"href":"https:\/\/libreriahistoriasdebolsillo.com\/index.php\/wp-json\/wp\/v2\/types\/product"}],"wp:featuredmedia":[{"embeddable":true,"href":"https:\/\/libreriahistoriasdebolsillo.com\/index.php\/wp-json\/wp\/v2\/media\/3347"}],"wp:attachment":[{"href":"https:\/\/libreriahistoriasdebolsillo.com\/index.php\/wp-json\/wp\/v2\/media?parent=3346"}],"wp:term":[{"taxonomy":"product_brand","embeddable":true,"href":"https:\/\/libreriahistoriasdebolsillo.com\/index.php\/wp-json\/wp\/v2\/product_brand?post=3346"},{"taxonomy":"product_cat","embeddable":true,"href":"https:\/\/libreriahistoriasdebolsillo.com\/index.php\/wp-json\/wp\/v2\/product_cat?post=3346"},{"taxonomy":"product_tag","embeddable":true,"href":"https:\/\/libreriahistoriasdebolsillo.com\/index.php\/wp-json\/wp\/v2\/product_tag?post=3346"}],"curies":[{"name":"wp","href":"https:\/\/api.w.org\/{rel}","templated":true}]}}