{"id":3348,"date":"2024-01-20T10:52:00","date_gmt":"2024-01-20T16:52:00","guid":{"rendered":"https:\/\/libreriahistoriasdebolsillo.com\/?post_type=product&#038;p=3348"},"modified":"2026-03-21T14:00:48","modified_gmt":"2026-03-21T20:00:48","slug":"como-manifestar","status":"publish","type":"product","link":"https:\/\/libreriahistoriasdebolsillo.com\/index.php\/producto\/como-manifestar\/","title":{"rendered":"C\u00f3mo manifestar"},"content":{"rendered":"<p>Si posees una magn\u00edfica energ\u00eda interior y no sabes c\u00f3mo explotarla, te sientes estancado en la rutina diaria o eres consciente de que llevas mucho tiempo sin cumplir tus objetivos, necesitas entender el poder que existe en la sencilla acci\u00f3n de saber manifestar. Una vez que abras las p\u00e1ginas de esta maravillosa gu\u00eda de transformaci\u00f3n, podr\u00e1s crear una nueva realidad en la que tus sue\u00f1os y objetivos son un hecho, pues la mentalidad con la que enfrentas el d\u00eda a d\u00eda tiene un gran impacto en c\u00f3mo se desarrolla tu existencia. Manifestar es tu oportunidad de alcanzar tu potencial y este libro te lleva de la mano para poder lograrlo.<\/p>\n","protected":false},"excerpt":{"rendered":"<p>Gill Thackray<\/p>\n","protected":false},"featured_media":3349,"template":"","meta":{"_joinchat":[]},"product_brand":[],"product_cat":[59,41],"product_tag":[48],"class_list":{"0":"post-3348","1":"product","2":"type-product","3":"status-publish","4":"has-post-thumbnail","6":"product_cat-esoterismo","7":"product_cat-desarrollo-humano","8":"product_tag-vr-editoras","10":"first","11":"instock","12":"shipping-taxable","13":"purchasable","14":"product-type-simple"},"_links":{"self":[{"href":"https:\/\/libreriahistoriasdebolsillo.com\/index.php\/wp-json\/wp\/v2\/product\/3348","targetHints":{"allow":["GET"]}}],"collection":[{"href":"https:\/\/libreriahistoriasdebolsillo.com\/index.php\/wp-json\/wp\/v2\/product"}],"about":[{"href":"https:\/\/libreriahistoriasdebolsillo.com\/index.php\/wp-json\/wp\/v2\/types\/product"}],"wp:featuredmedia":[{"embeddable":true,"href":"https:\/\/libreriahistoriasdebolsillo.com\/index.php\/wp-json\/wp\/v2\/media\/3349"}],"wp:attachment":[{"href":"https:\/\/libreriahistoriasdebolsillo.com\/index.php\/wp-json\/wp\/v2\/media?parent=3348"}],"wp:term":[{"taxonomy":"product_brand","embeddable":true,"href":"https:\/\/libreriahistoriasdebolsillo.com\/index.php\/wp-json\/wp\/v2\/product_brand?post=3348"},{"taxonomy":"product_cat","embeddable":true,"href":"https:\/\/libreriahistoriasdebolsillo.com\/index.php\/wp-json\/wp\/v2\/product_cat?post=3348"},{"taxonomy":"product_tag","embeddable":true,"href":"https:\/\/libreriahistoriasdebolsillo.com\/index.php\/wp-json\/wp\/v2\/product_tag?post=3348"}],"curies":[{"name":"wp","href":"https:\/\/api.w.org\/{rel}","templated":true}]}}