{"id":3354,"date":"2024-01-20T11:00:17","date_gmt":"2024-01-20T17:00:17","guid":{"rendered":"https:\/\/libreriahistoriasdebolsillo.com\/?post_type=product&#038;p=3354"},"modified":"2025-02-14T17:33:43","modified_gmt":"2025-02-14T23:33:43","slug":"1000-datos-locos-de-los-juegos-olimpicos","status":"publish","type":"product","link":"https:\/\/libreriahistoriasdebolsillo.com\/index.php\/producto\/1000-datos-locos-de-los-juegos-olimpicos\/","title":{"rendered":"1000 datos locos de los juegos ol\u00edmpicos"},"content":{"rendered":"<p>&#8211; Los Juegos de Londres 2012 fueron los primeros en ser transmitidos en 3D.<br \/>\n&#8211; R\u00edo de Janeiro 2016 representa el primer evento ol\u00edmpico en Sudam\u00e9rica. M\u00e9xico, en 1968, fue la primera ciudad latinoamericana en concretarlo.<br \/>\n&#8211; Para llevar la antorcha ol\u00edmpica solo es necesario ser mayor de catorce a\u00f1os y poder recorrer cuatrocientos metros.<br \/>\n&#8211; El f\u00fatbol americano fue deporte de exhibici\u00f3n en 1904 y 1932, pero nunca lleg\u00f3 a alcanzar el nivel de deporte ol\u00edmpico.<br \/>\n\u00a1No te pierdas este libro!<br \/>\nUn recorrido por la historia de los Juegos Ol\u00edmpicos, desde sus inicios hasta hoy, en el que encontrar\u00e1s informaci\u00f3n sobre disciplinas, participantes, medallas y situaciones curiosas.<\/p>\n","protected":false},"excerpt":{"rendered":"<p>Anibal Litvin<\/p>\n","protected":false},"featured_media":3355,"template":"","meta":{"_joinchat":[]},"product_brand":[],"product_cat":[54,52,41],"product_tag":[48],"class_list":{"0":"post-3354","1":"product","2":"type-product","3":"status-publish","4":"has-post-thumbnail","6":"product_cat-infantil","7":"product_cat-juvenil","8":"product_cat-desarrollo-humano","9":"product_tag-vr-editoras","11":"first","12":"instock","13":"shipping-taxable","14":"purchasable","15":"product-type-simple"},"_links":{"self":[{"href":"https:\/\/libreriahistoriasdebolsillo.com\/index.php\/wp-json\/wp\/v2\/product\/3354","targetHints":{"allow":["GET"]}}],"collection":[{"href":"https:\/\/libreriahistoriasdebolsillo.com\/index.php\/wp-json\/wp\/v2\/product"}],"about":[{"href":"https:\/\/libreriahistoriasdebolsillo.com\/index.php\/wp-json\/wp\/v2\/types\/product"}],"wp:featuredmedia":[{"embeddable":true,"href":"https:\/\/libreriahistoriasdebolsillo.com\/index.php\/wp-json\/wp\/v2\/media\/3355"}],"wp:attachment":[{"href":"https:\/\/libreriahistoriasdebolsillo.com\/index.php\/wp-json\/wp\/v2\/media?parent=3354"}],"wp:term":[{"taxonomy":"product_brand","embeddable":true,"href":"https:\/\/libreriahistoriasdebolsillo.com\/index.php\/wp-json\/wp\/v2\/product_brand?post=3354"},{"taxonomy":"product_cat","embeddable":true,"href":"https:\/\/libreriahistoriasdebolsillo.com\/index.php\/wp-json\/wp\/v2\/product_cat?post=3354"},{"taxonomy":"product_tag","embeddable":true,"href":"https:\/\/libreriahistoriasdebolsillo.com\/index.php\/wp-json\/wp\/v2\/product_tag?post=3354"}],"curies":[{"name":"wp","href":"https:\/\/api.w.org\/{rel}","templated":true}]}}